{"id":13607,"date":"2021-02-05T09:43:47","date_gmt":"2021-02-05T07:43:47","guid":{"rendered":"https:\/\/dinolift.wp2.tri.haus\/?page_id=13607"},"modified":"2022-01-13T14:36:21","modified_gmt":"2022-01-13T12:36:21","slug":"evastekaytanto","status":"publish","type":"page","link":"https:\/\/dinolift.wp2.tri.haus\/fi\/evastekaytanto\/","title":{"rendered":"Ev\u00e4stek\u00e4yt\u00e4nt\u00f6"},"content":{"rendered":"<h2><b>DINOLIFT EV\u00c4STEK\u00c4YT\u00c4NT\u00d6<\/b><\/h2>\n<p><span style=\"font-weight: 400;\">K\u00e4yt\u00e4mme ns. ev\u00e4steit\u00e4 [dinolift.wp2.tri.haus] verkkosivuillamme. Ev\u00e4steet ovat pieni\u00e4 tekstitiedostoja, jotka on tallennettu tietokoneellesi tai laitteeseesi, jota k\u00e4yt\u00e4t verkkosivustossamme selaamiseen. Ev\u00e4steet varmistavat, ett\u00e4 verkkosivusto toimii mahdollisimman hyvin. Ne tarjoavat meille my\u00f6s tietoa, jonka avulla voimme tarjota sinulle hyv\u00e4n k\u00e4ytt\u00f6kokemuksen sek\u00e4 varmistaa, ett\u00e4 verkkosivuja on mahdollisimman helppo k\u00e4ytt\u00e4\u00e4.<\/span><\/p>\n<p><span style=\"font-weight: 400;\">Ev\u00e4steiden perusteella ker\u00e4tyt tiedot voidaan yhdist\u00e4\u00e4 yksitt\u00e4isiin verkkosivuston k\u00e4vij\u00f6ihin vain IP-osoitteen perusteella, jota emme sellaisenaan k\u00e4yt\u00e4 tiettyjen henkil\u00f6iden tunnistamiseen.<\/span><\/p>\n<p><span style=\"font-weight: 400;\">K\u00e4yt\u00e4mme ev\u00e4steit\u00e4 suorittaaksemme ja parantaaksemme k\u00e4ytt\u00e4j\u00e4kokemustamme.<\/span><\/p>\n<h3><b>Ev\u00e4steiden hallinta verkkosivuillamme<\/b><\/h3>\n<p>T\u00e4m\u00e4 verkkosivusto k\u00e4ytt\u00e4\u00e4 HubSpot &#8211;<wbr \/>markkinointiautomaatioj\u00e4rjeste<wbr \/>lm\u00e4\u00e4. HubSpot k\u00e4ytt\u00e4\u00e4 ev\u00e4steit\u00e4 ker\u00e4t\u00e4kseen tietoja siit\u00e4, kuinka k\u00e4ytt\u00e4j\u00e4t k\u00e4ytt\u00e4v\u00e4t sivustoa. N\u00e4ill\u00e4 ev\u00e4steill\u00e4 ker\u00e4ttyj\u00e4 tietoja k\u00e4ytet\u00e4\u00e4n markkinoinnin tukena. N\u00e4m\u00e4 ev\u00e4steet ovat meid\u00e4n asettamiamme.\u00a0Lis\u00e4ksi k\u00e4yt\u00e4mme mainonta- ja markkinointitoimissa kolmannen osapuolen ev\u00e4steit\u00e4, jotka ovat eri toimialueelta kuin k\u00e4ytt\u00e4m\u00e4si verkkosivuston toimialue. N\u00e4it\u00e4 ovat esimerkiksi sivuille upotetut Youtube-videot, Google Maps -kartat ja somelinkit. N\u00e4m\u00e4 sovellukset voivat sivulatauksen yhteydess\u00e4 asettaa k\u00e4ytt\u00e4j\u00e4n selaimeen ev\u00e4steit\u00e4, jotka v\u00e4litt\u00e4v\u00e4t tietoja kolmannelle osapuolelle. Kolmannen osapuolen sovelluksiin sovelletaan kolmannen osapuolen k\u00e4ytt\u00f6- ja muita ehtoja. N\u00e4iden ev\u00e4steiden toimintaan ei voi vaikuttaa sivustolla s\u00e4\u00e4dett\u00e4vist\u00e4 ev\u00e4steasetuksista.<\/p>\n<p>Lis\u00e4tietoja osapuolten tietojensiirtok\u00e4yt\u00e4nteist\u00e4:<span class=\"im\"><\/p>\n<p>Hubspot:\u00a0<a href=\"https:\/\/legal.hubspot.com\/privacy-policy\" target=\"_blank\" rel=\"noopener\" data-saferedirecturl=\"https:\/\/www.google.com\/url?q=https:\/\/legal.hubspot.com\/privacy-policy&amp;source=gmail&amp;ust=1642154183229000&amp;usg=AOvVaw2czkfqP24hiaDOzX_AlRRv\">https:\/\/legal.hubspot.com\/<wbr \/>privacy-policy<\/a><br \/>\nYoutube:\u00a0<a href=\"https:\/\/policies.google.com\/technologies\/cookies?hl=fi%20%C2%A0\" target=\"_blank\" rel=\"noopener\" data-saferedirecturl=\"https:\/\/www.google.com\/url?q=https:\/\/policies.google.com\/technologies\/cookies?hl%3Dfi%2520%25C2%25A0&amp;source=gmail&amp;ust=1642154183229000&amp;usg=AOvVaw0auAfuelFWVFV_MmuKX8v-\">https:\/\/policies.google.com\/<wbr \/>technologies\/cookies?hl=fi%20%<wbr \/>C2%A0<\/a><br \/>\nGoogle Analytics:\u00a0<a href=\"http:\/\/www.google.com\/intl\/fi\/policies\/privacy\/\" target=\"_blank\" rel=\"noopener\" data-saferedirecturl=\"https:\/\/www.google.com\/url?q=http:\/\/www.google.com\/intl\/fi\/policies\/privacy\/&amp;source=gmail&amp;ust=1642154183229000&amp;usg=AOvVaw2kSkYnAfMWLAUv5oMvp-Xn\">http:\/\/www.google.com\/intl\/fi\/<wbr \/>policies\/privacy\/<\/a><\/span><\/p>\n<p><span style=\"font-weight: 400;\">Lis\u00e4tietoja ev\u00e4steiden hallinnasta ja poistamisesta k\u00e4yt\u00f6st\u00e4 selaimessa saat seuraavilta sivuilta:<\/span><\/p>\n<ul>\n<li style=\"font-weight: 400;\" aria-level=\"1\"><a href=\"https:\/\/support.google.com\/chrome\/a\"><span style=\"font-weight: 400;\">Cookie settings in Chrome<\/span><\/a><\/li>\n<li style=\"font-weight: 400;\" aria-level=\"1\"><a href=\"https:\/\/support.mozilla.org\/en-US\/products\/firefox\/protect-your-privacy\/cookies\"><span style=\"font-weight: 400;\">Cookie settings in Firefox<\/span><\/a><\/li>\n<li style=\"font-weight: 400;\" aria-level=\"1\"><a href=\"https:\/\/support.microsoft.com\/en-gb\/help\/17442\/windows-internet-explorer-delete-manage-cookies\"><span style=\"font-weight: 400;\">Cookie settings in Microsoft Internet Explorer<\/span><\/a><\/li>\n<li style=\"font-weight: 400;\" aria-level=\"1\"><a href=\"https:\/\/support.microsoft.com\/en-us\/microsoft-edge\/delete-cookies-in-microsoft-edge-63947406-40ac-c3b8-57b9-2a946a29ae09\"><span style=\"font-weight: 400;\">Cookie setting in Microsoft Edge<\/span><\/a><\/li>\n<li style=\"font-weight: 400;\" aria-level=\"1\"><a href=\"https:\/\/support.apple.com\/en-gb\/guide\/safari\/sfri11471\/mac\"><span style=\"font-weight: 400;\">Cookie settings in Safari<\/span><\/a><\/li>\n<\/ul>\n<p><span style=\"font-weight: 400;\">Lis\u00e4ksi voit hallinnoida kolmansien osapuolten ev\u00e4steiden k\u00e4ytt\u00f6\u00e4 <\/span><a href=\"https:\/\/www.youronlinechoices.com\/\"><span style=\"font-weight: 400;\">Your Online Choices<\/span><\/a> <span style=\"font-weight: 400;\">-palvelussa.<\/span><br \/>\n<a href=\"javascript: Cookiebot.renew()\" style=\" text-decoration: underline; font-weight: normal;\">Ev\u00e4steasetukset<\/a><\/p>\n<h3><b>Ev\u00e4stetyypit<\/b><\/h3>\n<p><span style=\"font-weight: 400;\">Ev\u00e4steet voidaan jakaa eri tyyppeihin niiden alkuper\u00e4n ja voimassaoloajan perusteella:<\/span><\/p>\n<p><span style=\"font-weight: 400;\">&#8211; \u00a0 <\/span> <b>Istuntoev\u00e4steet <\/b><span style=\"font-weight: 400;\">tallennetaan v\u00e4liaikaisesti laitteellesi ja poistetaan, kun suljet selaimen.<\/span><\/p>\n<p><span style=\"font-weight: 400;\">&#8211; \u00a0 <\/span> <b>Pysyv\u00e4t ev\u00e4steet <\/b><span style=\"font-weight: 400;\">s\u00e4ilyv\u00e4t laitteellasi tietyn ajanjakson tai kunnes p\u00e4\u00e4t\u00e4t itse poistaa ne.<\/span><\/p>\n<p><span style=\"font-weight: 400;\">&#8211; \u00a0 <\/span> <b>Ensimm\u00e4isen osapuolen ev\u00e4steet <\/b><span style=\"font-weight: 400;\">ovat ev\u00e4steit\u00e4, jotka tallennamme laitteellesi ja jotka ker\u00e4\u00e4v\u00e4t meid\u00e4n k\u00e4ytt\u00e4m\u00e4\u00e4mme tietoa.<\/span><\/p>\n<p><span style=\"font-weight: 400;\">&#8211; \u00a0 <\/span> <b>Kolmansien osapuolten ev\u00e4steet <\/b><span style=\"font-weight: 400;\">ovat muiden kuin meid\u00e4n tarjoamia ev\u00e4steit\u00e4, joita k\u00e4ytet\u00e4\u00e4n esimerkiksi tiedon ker\u00e4\u00e4miseen markkinointia, verkkotilastointia sek\u00e4 sis\u00e4ll\u00f6n kohdentamista varten.<\/span><\/p>\n<p><span style=\"font-weight: 400;\">Ev\u00e4steet voidaan luokitella my\u00f6s eri kategorioihin niiden toiminnallisuuden perusteella:<\/span><\/p>\n<p><span style=\"font-weight: 400;\">&#8211; \u00a0 <\/span> <b>V\u00e4ltt\u00e4m\u00e4tt\u00f6m\u00e4t ev\u00e4steet <\/b><span style=\"font-weight: 400;\">mahdollistavat verkkosivuston ja sen toimintojen toimimisen, kuten esimerkiksi DINO Bot -viestinn\u00e4n.\u00a0<\/span><\/p>\n<p><span style=\"font-weight: 400;\">&#8211; \u00a0 <\/span> <b>Valintaev\u00e4steit\u00e4 <\/b><span style=\"font-weight: 400;\">k\u00e4ytet\u00e4\u00e4n verkkosivuston toiminnallisuuden parantamiseen ja personointiin, kuten esimerkiksi kielen valintaan.<\/span><\/p>\n<p><span style=\"font-weight: 400;\">&#8211; \u00a0 <\/span> <b>Tilastointi\/analyyttiset ev\u00e4steet <\/b><span style=\"font-weight: 400;\">auttavat meit\u00e4 tilastoimaan k\u00e4vij\u00f6iden m\u00e4\u00e4r\u00e4n, n\u00e4kem\u00e4\u00e4n mist\u00e4 vierailijat saapuvat sivustolle ja mit\u00e4 sivustomme osia k\u00e4ytet\u00e4\u00e4n eniten. N\u00e4iden tietojen avulla voimme kehitt\u00e4\u00e4 verkkosivua ja sen toimivuutta.<\/span><\/p>\n<p><span style=\"font-weight: 400;\">&#8211; \u00a0 <\/span> <b>Markkinointiev\u00e4steit\u00e4 <\/b><span style=\"font-weight: 400;\">k\u00e4ytet\u00e4\u00e4n mainonnassamme, yleens\u00e4 kolmansien osapuolien verkkosivustoilla, ker\u00e4\u00e4m\u00e4ll\u00e4 tietoja toiminnastasi verkkosivustollamme. Ker\u00e4ttyjen tietojen ansiosta pystymme kohdistamaan sinulle mahdollisimman osuvaa ja mielenkiintoista sis\u00e4lt\u00f6\u00e4.\u00a0<\/span><\/p>\n<p><i>Mik\u00e4li sinulla on kysytt\u00e4v\u00e4\u00e4 ev\u00e4steiden tai muun tekniikan k\u00e4yt\u00f6st\u00e4, johon emme ole antaneet vastausta yll\u00e4, voit ottaa meihin yhteytt\u00e4 <a href=\"mailto:privacy@dinolift.com\">privacy(at)dinolift.com<\/a>\u00a0kautta.<\/i><\/p>\n","protected":false},"excerpt":{"rendered":"<p>DINOLIFT EV\u00c4STEK\u00c4YT\u00c4NT\u00d6 K\u00e4yt\u00e4mme ns. ev\u00e4steit\u00e4 [dinolift.wp2.tri.haus] verkkosivuillamme. Ev\u00e4steet ovat pieni\u00e4 tekstitiedostoja, jotka on tallennettu tietokoneellesi tai laitteeseesi, jota k\u00e4yt\u00e4t verkkosivustossamme selaamiseen. Ev\u00e4steet varmistavat, ett\u00e4 verkkosivusto toimii mahdollisimman hyvin. Ne tarjoavat meille my\u00f6s tietoa, jonka avulla voimme tarjota sinulle hyv\u00e4n k\u00e4ytt\u00f6kokemuksen sek\u00e4 varmistaa, ett\u00e4 verkkosivuja on mahdollisimman helppo k\u00e4ytt\u00e4\u00e4. Ev\u00e4steiden perusteella ker\u00e4tyt tiedot voidaan yhdist\u00e4\u00e4 yksitt\u00e4isiin [&hellip;]<\/p>\n","protected":false},"author":2,"featured_media":14426,"parent":0,"menu_order":0,"comment_status":"closed","ping_status":"closed","template":"","meta":[],"acf":{"hero_content":"","page_links":false,"sidebar_content":""},"yoast_head":"<!-- This site is optimized with the Yoast SEO plugin v19.9 - https:\/\/yoast.com\/wordpress\/plugins\/seo\/ -->\n<title>Ev\u00e4stek\u00e4yt\u00e4nt\u00f6 - Dinolift<\/title>\n<meta name=\"robots\" content=\"noindex, follow, max-snippet:-1, max-image-preview:large, max-video-preview:-1\" \/>\n<meta property=\"og:locale\" content=\"fi_FI\" \/>\n<meta property=\"og:type\" content=\"article\" \/>\n<meta property=\"og:title\" content=\"Ev\u00e4stek\u00e4yt\u00e4nt\u00f6 - Dinolift\" \/>\n<meta property=\"og:description\" content=\"DINOLIFT EV\u00c4STEK\u00c4YT\u00c4NT\u00d6 K\u00e4yt\u00e4mme ns. ev\u00e4steit\u00e4 [dinolift.wp2.tri.haus] verkkosivuillamme. Ev\u00e4steet ovat pieni\u00e4 tekstitiedostoja, jotka on tallennettu tietokoneellesi tai laitteeseesi, jota k\u00e4yt\u00e4t verkkosivustossamme selaamiseen. Ev\u00e4steet varmistavat, ett\u00e4 verkkosivusto toimii mahdollisimman hyvin. Ne tarjoavat meille my\u00f6s tietoa, jonka avulla voimme tarjota sinulle hyv\u00e4n k\u00e4ytt\u00f6kokemuksen sek\u00e4 varmistaa, ett\u00e4 verkkosivuja on mahdollisimman helppo k\u00e4ytt\u00e4\u00e4. Ev\u00e4steiden perusteella ker\u00e4tyt tiedot voidaan yhdist\u00e4\u00e4 yksitt\u00e4isiin [&hellip;]\" \/>\n<meta property=\"og:url\" content=\"https:\/\/www.dinolift.com\/fi\/evastekaytanto\/\" \/>\n<meta property=\"og:site_name\" content=\"Dinolift\" \/>\n<meta property=\"article:modified_time\" content=\"2022-01-13T12:36:21+00:00\" \/>\n<meta property=\"og:image\" content=\"https:\/\/www.dinolift.com\/assets\/files\/2021\/08\/DINO230VT_Meet_Liisa_1600x900_2021.jpg\" \/>\n\t<meta property=\"og:image:width\" content=\"1600\" \/>\n\t<meta property=\"og:image:height\" content=\"900\" \/>\n\t<meta property=\"og:image:type\" content=\"image\/jpeg\" \/>\n<meta name=\"twitter:card\" content=\"summary_large_image\" \/>\n<meta name=\"twitter:label1\" content=\"Arvioitu lukuaika\" \/>\n\t<meta name=\"twitter:data1\" content=\"2 minuuttia\" \/>\n<script type=\"application\/ld+json\" class=\"yoast-schema-graph\">{\"@context\":\"https:\/\/schema.org\",\"@graph\":[{\"@type\":\"WebPage\",\"@id\":\"https:\/\/www.dinolift.com\/fi\/evastekaytanto\/\",\"url\":\"https:\/\/www.dinolift.com\/fi\/evastekaytanto\/\",\"name\":\"Ev\u00e4stek\u00e4yt\u00e4nt\u00f6 - Dinolift\",\"isPartOf\":{\"@id\":\"https:\/\/dinolift.wp2.tri.haus\/#website\"},\"datePublished\":\"2021-02-05T07:43:47+00:00\",\"dateModified\":\"2022-01-13T12:36:21+00:00\",\"breadcrumb\":{\"@id\":\"https:\/\/www.dinolift.com\/fi\/evastekaytanto\/#breadcrumb\"},\"inLanguage\":\"fi\",\"potentialAction\":[{\"@type\":\"ReadAction\",\"target\":[\"https:\/\/www.dinolift.com\/fi\/evastekaytanto\/\"]}]},{\"@type\":\"BreadcrumbList\",\"@id\":\"https:\/\/www.dinolift.com\/fi\/evastekaytanto\/#breadcrumb\",\"itemListElement\":[{\"@type\":\"ListItem\",\"position\":1,\"name\":\"Home\",\"item\":\"https:\/\/www.dinolift.com\/fi\/home\/\"},{\"@type\":\"ListItem\",\"position\":2,\"name\":\"Ev\u00e4stek\u00e4yt\u00e4nt\u00f6\"}]},{\"@type\":\"WebSite\",\"@id\":\"https:\/\/dinolift.wp2.tri.haus\/#website\",\"url\":\"https:\/\/dinolift.wp2.tri.haus\/\",\"name\":\"Dinolift\",\"description\":\"Ihan uusi WordPress-sivusto\",\"potentialAction\":[{\"@type\":\"SearchAction\",\"target\":{\"@type\":\"EntryPoint\",\"urlTemplate\":\"https:\/\/dinolift.wp2.tri.haus\/?s={search_term_string}\"},\"query-input\":\"required name=search_term_string\"}],\"inLanguage\":\"fi\"}]}<\/script>\n<!-- \/ Yoast SEO plugin. -->","yoast_head_json":{"title":"Ev\u00e4stek\u00e4yt\u00e4nt\u00f6 - Dinolift","robots":{"index":"noindex","follow":"follow","max-snippet":"max-snippet:-1","max-image-preview":"max-image-preview:large","max-video-preview":"max-video-preview:-1"},"og_locale":"fi_FI","og_type":"article","og_title":"Ev\u00e4stek\u00e4yt\u00e4nt\u00f6 - Dinolift","og_description":"DINOLIFT EV\u00c4STEK\u00c4YT\u00c4NT\u00d6 K\u00e4yt\u00e4mme ns. ev\u00e4steit\u00e4 [dinolift.wp2.tri.haus] verkkosivuillamme. Ev\u00e4steet ovat pieni\u00e4 tekstitiedostoja, jotka on tallennettu tietokoneellesi tai laitteeseesi, jota k\u00e4yt\u00e4t verkkosivustossamme selaamiseen. Ev\u00e4steet varmistavat, ett\u00e4 verkkosivusto toimii mahdollisimman hyvin. Ne tarjoavat meille my\u00f6s tietoa, jonka avulla voimme tarjota sinulle hyv\u00e4n k\u00e4ytt\u00f6kokemuksen sek\u00e4 varmistaa, ett\u00e4 verkkosivuja on mahdollisimman helppo k\u00e4ytt\u00e4\u00e4. Ev\u00e4steiden perusteella ker\u00e4tyt tiedot voidaan yhdist\u00e4\u00e4 yksitt\u00e4isiin [&hellip;]","og_url":"https:\/\/www.dinolift.com\/fi\/evastekaytanto\/","og_site_name":"Dinolift","article_modified_time":"2022-01-13T12:36:21+00:00","og_image":[{"width":1600,"height":900,"url":"https:\/\/www.dinolift.com\/assets\/files\/2021\/08\/DINO230VT_Meet_Liisa_1600x900_2021.jpg","type":"image\/jpeg"}],"twitter_card":"summary_large_image","twitter_misc":{"Arvioitu lukuaika":"2 minuuttia"},"schema":{"@context":"https:\/\/schema.org","@graph":[{"@type":"WebPage","@id":"https:\/\/www.dinolift.com\/fi\/evastekaytanto\/","url":"https:\/\/www.dinolift.com\/fi\/evastekaytanto\/","name":"Ev\u00e4stek\u00e4yt\u00e4nt\u00f6 - Dinolift","isPartOf":{"@id":"https:\/\/dinolift.wp2.tri.haus\/#website"},"datePublished":"2021-02-05T07:43:47+00:00","dateModified":"2022-01-13T12:36:21+00:00","breadcrumb":{"@id":"https:\/\/www.dinolift.com\/fi\/evastekaytanto\/#breadcrumb"},"inLanguage":"fi","potentialAction":[{"@type":"ReadAction","target":["https:\/\/www.dinolift.com\/fi\/evastekaytanto\/"]}]},{"@type":"BreadcrumbList","@id":"https:\/\/www.dinolift.com\/fi\/evastekaytanto\/#breadcrumb","itemListElement":[{"@type":"ListItem","position":1,"name":"Home","item":"https:\/\/www.dinolift.com\/fi\/home\/"},{"@type":"ListItem","position":2,"name":"Ev\u00e4stek\u00e4yt\u00e4nt\u00f6"}]},{"@type":"WebSite","@id":"https:\/\/dinolift.wp2.tri.haus\/#website","url":"https:\/\/dinolift.wp2.tri.haus\/","name":"Dinolift","description":"Ihan uusi WordPress-sivusto","potentialAction":[{"@type":"SearchAction","target":{"@type":"EntryPoint","urlTemplate":"https:\/\/dinolift.wp2.tri.haus\/?s={search_term_string}"},"query-input":"required name=search_term_string"}],"inLanguage":"fi"}]}},"_links":{"self":[{"href":"https:\/\/dinolift.wp2.tri.haus\/fi\/wp-json\/wp\/v2\/pages\/13607\/"}],"collection":[{"href":"https:\/\/dinolift.wp2.tri.haus\/fi\/wp-json\/wp\/v2\/pages\/"}],"about":[{"href":"https:\/\/dinolift.wp2.tri.haus\/fi\/wp-json\/wp\/v2\/types\/page\/"}],"author":[{"embeddable":true,"href":"https:\/\/dinolift.wp2.tri.haus\/fi\/wp-json\/wp\/v2\/users\/2\/"}],"replies":[{"embeddable":true,"href":"https:\/\/dinolift.wp2.tri.haus\/fi\/wp-json\/wp\/v2\/comments\/?post=13607"}],"version-history":[{"count":5,"href":"https:\/\/dinolift.wp2.tri.haus\/fi\/wp-json\/wp\/v2\/pages\/13607\/revisions\/"}],"predecessor-version":[{"id":15241,"href":"https:\/\/dinolift.wp2.tri.haus\/fi\/wp-json\/wp\/v2\/pages\/13607\/revisions\/15241\/"}],"wp:featuredmedia":[{"embeddable":true,"href":"https:\/\/dinolift.wp2.tri.haus\/fi\/wp-json\/wp\/v2\/media\/14426\/"}],"wp:attachment":[{"href":"https:\/\/dinolift.wp2.tri.haus\/fi\/wp-json\/wp\/v2\/media\/?parent=13607"}],"curies":[{"name":"wp","href":"https:\/\/api.w.org\/{rel}","templated":true}]}}