{"id":16740,"date":"2022-05-10T15:45:38","date_gmt":"2022-05-10T12:45:38","guid":{"rendered":"https:\/\/dinolift.wp2.tri.haus\/?page_id=16740"},"modified":"2023-02-10T13:53:22","modified_gmt":"2023-02-10T11:53:22","slug":"rahoitus","status":"publish","type":"page","link":"https:\/\/dinolift.wp2.tri.haus\/fi\/myynti-ja-tuki\/rahoitus\/","title":{"rendered":"Rahoitus"},"content":{"rendered":"<h2>Leasing-rahoitus<\/h2>\n<p>Me Dinoliftill\u00e4 haluamme tukea liiketoimintasi kasvua my\u00f6s henkil\u00f6nostimen hankintaa helpottavilla rahoitusratkaisuilla. Nostimen hankinta leasing-rahoituksella saattaa olla toimiva vaihtoehto useassakin tilanteessa.<\/p>\n<p>Henkil\u00f6nostimen leasing-rahoitus on oivallinen ratkaisu etenkin silloin, kun yrityksesi ei halua tehd\u00e4 kertaluonteisia investointeja nostinkalustonsa omistamiseen.<\/p>\n<h3>Luotettava rahoituskumppani auttaa kalustohankintojen toteutuksessa<\/h3>\n<p>Olemme valinneet p\u00e4\u00e4yhteisty\u00f6kumppaniksemme Siemens Financial Services &#8211; ryhm\u00e4n. SFS tarjoaa rahoitusratkaisuja, jotka ovat suunniteltu Dinoliftin asiakkaiden tarpeisiin. Yrityksellesi r\u00e4\u00e4t\u00e4l\u00f6ity leasing-ratkaisu auttaa optimoimaan p\u00e4\u00e4omien k\u00e4ytt\u00f6\u00e4 ja mahdollistaa siten yrityksesi liiketoiminnan kasvun ja kehityksen.<\/p>\n<h3>Leasing-rahoitus tuo mukanaan monenlaisia hy\u00f6tyj\u00e4<\/h3>\n<ul>\n<li>Yritys maksaa laitteista vuokraa sovitun ajan, jolloin yritys v\u00e4lttyy raskailta p\u00e4\u00e4omaa sitovilta kertainvestoinneilta<\/li>\n<li>Budjetointi helpottuu, koska vuokrat jakautuvat tasaisesti vuokrakaudelle<\/li>\n<li>Laitekanta pysyy nopean kiertonsa vuoksi ajantasaisena<\/li>\n<li>Sopimukselle on mahdollista tehd\u00e4 k\u00e4tev\u00e4sti lis\u00e4yksi\u00e4<\/li>\n<li>Vuokrat on mahdollista sovittaa yrityksen liiketoiminnan kausivaihteluihin<\/li>\n<li>Leasing-sopimus ei rasita yrityksen tasetta ja n\u00e4in ollen p\u00e4\u00e4omaa vapautuu muuhun k\u00e4ytt\u00f6\u00f6n<\/li>\n<li>Vuokra on verotuksessa v\u00e4hennyskelpoinen<\/li>\n<li>Laite toimii leasing-rahoituksen vakuutena<\/li>\n<li>SFS omistaa leasingkohteen sopimuskauden ajan, mutta kauden j\u00e4lkeen vuokralle ottajalla on oikeus osoittaa vuokrakohteelle ostaja<\/li>\n<\/ul>\n<p>Oletpa sitten hankkimassa ensimm\u00e4ist\u00e4 henkil\u00f6nostintasi tai vaikkapa laajentamassa jo olemassa olevaa vuokrauskalustoasi \u2013 ota rohkeasti yhteytt\u00e4 joko <span style=\"text-decoration: underline; color: #0000ff;\"><a style=\"color: #0000ff; text-decoration: underline;\" href=\"https:\/\/dinolift.wp2.tri.haus\/fi\/yhteystiedot\/\" target=\"_blank\" rel=\"noopener\">paikalliseen j\u00e4lleenmyyj\u00e4mme<\/a><\/span> tai <span style=\"text-decoration: underline; color: #0000ff;\"><a style=\"color: #0000ff; text-decoration: underline;\" href=\"mailto:sales@dinolift.com\" target=\"_blank\" rel=\"noopener\">Dinoliftiin<\/a><\/span> ja kysy leasing-rahoitustarjousta uudesta henkil\u00f6nostimestasi. Selvitet\u00e4\u00e4n yhdess\u00e4 yrityksellesi sopiva leasing-vaihtoehto ja lasketaan yrityksellesi soveltuva maksuohjelma.<\/p>\n<p>Kauttamme tarjottava leasing-rahoitus on mahdollinen p\u00e4\u00e4markkina-alueillamme. Leasing-sopimus edellytt\u00e4\u00e4 positiivista luottop\u00e4\u00e4t\u00f6st\u00e4 yhteisty\u00f6kumppaniltamme.<\/p>\n<p><img loading=\"lazy\" class=\"alignnone  wp-image-18389\" src=\"https:\/\/dinolift.wp2.tri.haus\/assets\/files\/2023\/02\/be9a3dba-771b-48f6-a515-7afbed8f8620-640x149.jpeg\" alt=\"\" width=\"249\" height=\"58\" srcset=\"https:\/\/dinolift.wp2.tri.haus\/assets\/files\/2023\/02\/be9a3dba-771b-48f6-a515-7afbed8f8620-640x149.jpeg 640w, https:\/\/dinolift.wp2.tri.haus\/assets\/files\/2023\/02\/be9a3dba-771b-48f6-a515-7afbed8f8620-1100x256.jpeg 1100w, https:\/\/dinolift.wp2.tri.haus\/assets\/files\/2023\/02\/be9a3dba-771b-48f6-a515-7afbed8f8620-768x179.jpeg 768w, https:\/\/dinolift.wp2.tri.haus\/assets\/files\/2023\/02\/be9a3dba-771b-48f6-a515-7afbed8f8620-1536x358.jpeg 1536w, https:\/\/dinolift.wp2.tri.haus\/assets\/files\/2023\/02\/be9a3dba-771b-48f6-a515-7afbed8f8620-1600x377.jpeg 1600w, https:\/\/dinolift.wp2.tri.haus\/assets\/files\/2023\/02\/be9a3dba-771b-48f6-a515-7afbed8f8620.jpeg 1617w\" sizes=\"(max-width: 249px) 100vw, 249px\" \/><\/p>\n","protected":false},"excerpt":{"rendered":"<p>Leasing-rahoitus Me Dinoliftill\u00e4 haluamme tukea liiketoimintasi kasvua my\u00f6s henkil\u00f6nostimen hankintaa helpottavilla rahoitusratkaisuilla. Nostimen hankinta leasing-rahoituksella saattaa olla toimiva vaihtoehto useassakin tilanteessa. Henkil\u00f6nostimen leasing-rahoitus on oivallinen ratkaisu etenkin silloin, kun yrityksesi ei halua tehd\u00e4 kertaluonteisia investointeja nostinkalustonsa omistamiseen. Luotettava rahoituskumppani auttaa kalustohankintojen toteutuksessa Olemme valinneet p\u00e4\u00e4yhteisty\u00f6kumppaniksemme Siemens Financial Services &#8211; ryhm\u00e4n. SFS tarjoaa rahoitusratkaisuja, jotka ovat [&hellip;]<\/p>\n","protected":false},"author":1,"featured_media":16737,"parent":8,"menu_order":0,"comment_status":"closed","ping_status":"closed","template":"","meta":[],"acf":{"hero_content":"<h1><em>Leasing<\/em><strong>-rahoitus<\/strong><\/h1>\n","page_links":false,"sidebar_content":""},"yoast_head":"<!-- This site is optimized with the Yoast SEO plugin v19.9 - https:\/\/yoast.com\/wordpress\/plugins\/seo\/ -->\n<title>Rahoitus - Dinolift<\/title>\n<meta name=\"description\" content=\"Me Dinoliftill\u00e4 haluamme tukea liiketoimintasi kasvua my\u00f6s henkil\u00f6nostimen hankintaa helpottavilla rahoitusratkaisuilla.\" \/>\n<meta name=\"robots\" content=\"noindex, follow, max-snippet:-1, max-image-preview:large, max-video-preview:-1\" \/>\n<meta property=\"og:locale\" content=\"fi_FI\" \/>\n<meta property=\"og:type\" content=\"article\" \/>\n<meta property=\"og:title\" content=\"Rahoitus - Dinolift\" \/>\n<meta property=\"og:description\" content=\"Me Dinoliftill\u00e4 haluamme tukea liiketoimintasi kasvua my\u00f6s henkil\u00f6nostimen hankintaa helpottavilla rahoitusratkaisuilla.\" \/>\n<meta property=\"og:url\" content=\"https:\/\/www.dinolift.com\/fi\/myynti-ja-tuki\/rahoitus\/\" \/>\n<meta property=\"og:site_name\" content=\"Dinolift\" \/>\n<meta property=\"article:modified_time\" content=\"2023-02-10T11:53:22+00:00\" \/>\n<meta property=\"og:image\" content=\"https:\/\/www.dinolift.com\/assets\/files\/2022\/04\/Dinolift_DINO_summer_pic20_scaled.jpg\" \/>\n\t<meta property=\"og:image:width\" content=\"1400\" \/>\n\t<meta property=\"og:image:height\" content=\"788\" \/>\n\t<meta property=\"og:image:type\" content=\"image\/jpeg\" \/>\n<meta name=\"twitter:card\" content=\"summary_large_image\" \/>\n<meta name=\"twitter:label1\" content=\"Arvioitu lukuaika\" \/>\n\t<meta name=\"twitter:data1\" content=\"2 minuuttia\" \/>\n<script type=\"application\/ld+json\" class=\"yoast-schema-graph\">{\"@context\":\"https:\/\/schema.org\",\"@graph\":[{\"@type\":\"WebPage\",\"@id\":\"https:\/\/www.dinolift.com\/fi\/myynti-ja-tuki\/rahoitus\/\",\"url\":\"https:\/\/www.dinolift.com\/fi\/myynti-ja-tuki\/rahoitus\/\",\"name\":\"Rahoitus - Dinolift\",\"isPartOf\":{\"@id\":\"https:\/\/dinolift.wp2.tri.haus\/#website\"},\"datePublished\":\"2022-05-10T12:45:38+00:00\",\"dateModified\":\"2023-02-10T11:53:22+00:00\",\"description\":\"Me Dinoliftill\u00e4 haluamme tukea liiketoimintasi kasvua my\u00f6s henkil\u00f6nostimen hankintaa helpottavilla rahoitusratkaisuilla.\",\"breadcrumb\":{\"@id\":\"https:\/\/www.dinolift.com\/fi\/myynti-ja-tuki\/rahoitus\/#breadcrumb\"},\"inLanguage\":\"fi\",\"potentialAction\":[{\"@type\":\"ReadAction\",\"target\":[\"https:\/\/www.dinolift.com\/fi\/myynti-ja-tuki\/rahoitus\/\"]}]},{\"@type\":\"BreadcrumbList\",\"@id\":\"https:\/\/www.dinolift.com\/fi\/myynti-ja-tuki\/rahoitus\/#breadcrumb\",\"itemListElement\":[{\"@type\":\"ListItem\",\"position\":1,\"name\":\"Home\",\"item\":\"https:\/\/www.dinolift.com\/fi\/home\/\"},{\"@type\":\"ListItem\",\"position\":2,\"name\":\"Myynti ja tuki\",\"item\":\"https:\/\/www.dinolift.com\/fi\/myynti-ja-tuki\/\"},{\"@type\":\"ListItem\",\"position\":3,\"name\":\"Rahoitus\"}]},{\"@type\":\"WebSite\",\"@id\":\"https:\/\/dinolift.wp2.tri.haus\/#website\",\"url\":\"https:\/\/dinolift.wp2.tri.haus\/\",\"name\":\"Dinolift\",\"description\":\"Ihan uusi WordPress-sivusto\",\"potentialAction\":[{\"@type\":\"SearchAction\",\"target\":{\"@type\":\"EntryPoint\",\"urlTemplate\":\"https:\/\/dinolift.wp2.tri.haus\/?s={search_term_string}\"},\"query-input\":\"required name=search_term_string\"}],\"inLanguage\":\"fi\"}]}<\/script>\n<!-- \/ Yoast SEO plugin. -->","yoast_head_json":{"title":"Rahoitus - Dinolift","description":"Me Dinoliftill\u00e4 haluamme tukea liiketoimintasi kasvua my\u00f6s henkil\u00f6nostimen hankintaa helpottavilla rahoitusratkaisuilla.","robots":{"index":"noindex","follow":"follow","max-snippet":"max-snippet:-1","max-image-preview":"max-image-preview:large","max-video-preview":"max-video-preview:-1"},"og_locale":"fi_FI","og_type":"article","og_title":"Rahoitus - Dinolift","og_description":"Me Dinoliftill\u00e4 haluamme tukea liiketoimintasi kasvua my\u00f6s henkil\u00f6nostimen hankintaa helpottavilla rahoitusratkaisuilla.","og_url":"https:\/\/www.dinolift.com\/fi\/myynti-ja-tuki\/rahoitus\/","og_site_name":"Dinolift","article_modified_time":"2023-02-10T11:53:22+00:00","og_image":[{"width":1400,"height":788,"url":"https:\/\/www.dinolift.com\/assets\/files\/2022\/04\/Dinolift_DINO_summer_pic20_scaled.jpg","type":"image\/jpeg"}],"twitter_card":"summary_large_image","twitter_misc":{"Arvioitu lukuaika":"2 minuuttia"},"schema":{"@context":"https:\/\/schema.org","@graph":[{"@type":"WebPage","@id":"https:\/\/www.dinolift.com\/fi\/myynti-ja-tuki\/rahoitus\/","url":"https:\/\/www.dinolift.com\/fi\/myynti-ja-tuki\/rahoitus\/","name":"Rahoitus - Dinolift","isPartOf":{"@id":"https:\/\/dinolift.wp2.tri.haus\/#website"},"datePublished":"2022-05-10T12:45:38+00:00","dateModified":"2023-02-10T11:53:22+00:00","description":"Me Dinoliftill\u00e4 haluamme tukea liiketoimintasi kasvua my\u00f6s henkil\u00f6nostimen hankintaa helpottavilla rahoitusratkaisuilla.","breadcrumb":{"@id":"https:\/\/www.dinolift.com\/fi\/myynti-ja-tuki\/rahoitus\/#breadcrumb"},"inLanguage":"fi","potentialAction":[{"@type":"ReadAction","target":["https:\/\/www.dinolift.com\/fi\/myynti-ja-tuki\/rahoitus\/"]}]},{"@type":"BreadcrumbList","@id":"https:\/\/www.dinolift.com\/fi\/myynti-ja-tuki\/rahoitus\/#breadcrumb","itemListElement":[{"@type":"ListItem","position":1,"name":"Home","item":"https:\/\/www.dinolift.com\/fi\/home\/"},{"@type":"ListItem","position":2,"name":"Myynti ja tuki","item":"https:\/\/www.dinolift.com\/fi\/myynti-ja-tuki\/"},{"@type":"ListItem","position":3,"name":"Rahoitus"}]},{"@type":"WebSite","@id":"https:\/\/dinolift.wp2.tri.haus\/#website","url":"https:\/\/dinolift.wp2.tri.haus\/","name":"Dinolift","description":"Ihan uusi WordPress-sivusto","potentialAction":[{"@type":"SearchAction","target":{"@type":"EntryPoint","urlTemplate":"https:\/\/dinolift.wp2.tri.haus\/?s={search_term_string}"},"query-input":"required name=search_term_string"}],"inLanguage":"fi"}]}},"_links":{"self":[{"href":"https:\/\/dinolift.wp2.tri.haus\/fi\/wp-json\/wp\/v2\/pages\/16740\/"}],"collection":[{"href":"https:\/\/dinolift.wp2.tri.haus\/fi\/wp-json\/wp\/v2\/pages\/"}],"about":[{"href":"https:\/\/dinolift.wp2.tri.haus\/fi\/wp-json\/wp\/v2\/types\/page\/"}],"author":[{"embeddable":true,"href":"https:\/\/dinolift.wp2.tri.haus\/fi\/wp-json\/wp\/v2\/users\/1\/"}],"replies":[{"embeddable":true,"href":"https:\/\/dinolift.wp2.tri.haus\/fi\/wp-json\/wp\/v2\/comments\/?post=16740"}],"version-history":[{"count":5,"href":"https:\/\/dinolift.wp2.tri.haus\/fi\/wp-json\/wp\/v2\/pages\/16740\/revisions\/"}],"predecessor-version":[{"id":18394,"href":"https:\/\/dinolift.wp2.tri.haus\/fi\/wp-json\/wp\/v2\/pages\/16740\/revisions\/18394\/"}],"up":[{"embeddable":true,"href":"https:\/\/dinolift.wp2.tri.haus\/fi\/wp-json\/wp\/v2\/pages\/8\/"}],"wp:featuredmedia":[{"embeddable":true,"href":"https:\/\/dinolift.wp2.tri.haus\/fi\/wp-json\/wp\/v2\/media\/16737\/"}],"wp:attachment":[{"href":"https:\/\/dinolift.wp2.tri.haus\/fi\/wp-json\/wp\/v2\/media\/?parent=16740"}],"curies":[{"name":"wp","href":"https:\/\/api.w.org\/{rel}","templated":true}]}}