{"id":6271,"date":"2017-08-07T08:56:48","date_gmt":"2017-08-07T05:56:48","guid":{"rendered":"https:\/\/dinolift.wp2.tri.haus\/?page_id=6271\/"},"modified":"2019-10-10T13:03:33","modified_gmt":"2019-10-10T10:03:33","slug":"yhteystiedot","status":"publish","type":"page","link":"https:\/\/dinolift.wp2.tri.haus\/fi\/yhteystiedot\/","title":{"rendered":"Yhteystiedot"},"content":{"rendered":"<h1>Tervetuloa Dinoliftille<\/h1>\n<p>Dinolift-perhe &#8211; nostinalan ammattilaisia, miehi\u00e4 ja naisia, joihin voit luottaa.\u00a0\u00a0Henkil\u00f6nostimiin liittyviss\u00e4 kysymyksiss\u00e4 ota yhteytt\u00e4:\u00a0<span style=\"color: #0000ff;\">sales(at)dinolift.com<\/span>.<\/p>\n<h2>Dinolift Oy<\/h2>\n<p>Raikkolantie 145<br \/>\nFI-32210 LOIMAA, FINLAND<br \/>\nPuh. +358 (0)20 1772 400<br \/>\n<span style=\"color: #0000ff;\">info(at)dinolift.com<\/span><span style=\"text-decoration: underline; color: #0000ff;\"><a style=\"color: #0000ff; text-decoration: underline;\" href=\"mailto:info@dinolift.com\"><br \/>\n<\/a><\/span><\/p>\n<h5>DINO Myynti:<\/h5>\n<p><span style=\"color: #0000ff;\">sales(at)<\/span><span style=\"color: #0000ff;\">dinolift.com<\/span><\/p>\n<h5>DINO Varaosat:<\/h5>\n<p><span style=\"color: #0000ff;\">spareparts(at)dinolift.com<\/span><\/p>\n<h5>DINO Tekninen tuki ja koulutus:<\/h5>\n<p><span style=\"color: #0000ff;\">techsupport(at)dinolift.com<\/span><\/p>\n","protected":false},"excerpt":{"rendered":"<p>Tervetuloa Dinoliftille Dinolift-perhe &#8211; nostinalan ammattilaisia, miehi\u00e4 ja naisia, joihin voit luottaa.\u00a0\u00a0Henkil\u00f6nostimiin liittyviss\u00e4 kysymyksiss\u00e4 ota yhteytt\u00e4:\u00a0sales(at)dinolift.com. Dinolift Oy Raikkolantie 145 FI-32210 LOIMAA, FINLAND Puh. +358 (0)20 1772 400 info(at)dinolift.com DINO Myynti: sales(at)dinolift.com DINO Varaosat: spareparts(at)dinolift.com DINO Tekninen tuki ja koulutus: techsupport(at)dinolift.com<\/p>\n","protected":false},"author":724,"featured_media":0,"parent":0,"menu_order":0,"comment_status":"closed","ping_status":"closed","template":"page-templates\/page-contact.php","meta":[],"acf":{"hero_content":"","dealer_usa":"Pohjois- ja Etel\u00e4-Amerikka","dealer_europe":"Eurooppa","dealer_asia":"Aasia & L\u00e4hi-it\u00e4","dealer_africa":"Afrikka","dealer_oceania":"Australia & Oseania","contactform":"<h1>Tervetuloa Dinoliftille<\/h1>\n<p>Dinolift-perhe &#8211; nostinalan ammattilaisia, miehi\u00e4 ja naisia, joihin voit luottaa.\u00a0\u00a0Henkil\u00f6nostimiin liittyviss\u00e4 kysymyksiss\u00e4 ota yhteytt\u00e4:\u00a0sales(at)dinolift.com.<\/p>\n<p><!--[if lte IE 8]>\n<script charset=\"utf-8\" type=\"text\/javascript\" src=\"\/\/js.hsforms.net\/forms\/v2-legacy.js\"><\/script>\n<![endif]--><br \/>\n<script charset=\"utf-8\" type=\"text\/javascript\" src=\"\/\/js.hsforms.net\/forms\/v2.js\"><\/script><br \/>\n<script>\nhbspt.forms.create({\nportalId: \"5814764\",\nformId: \"0a610cf5-ffb7-4026-96f5-7c2257065688\"\n});\n<\/script><\/p>\n"},"yoast_head":"<!-- This site is optimized with the Yoast SEO plugin v19.9 - https:\/\/yoast.com\/wordpress\/plugins\/seo\/ -->\n<title>Ota yhteytt\u00e4 tai l\u00f6yd\u00e4 paikallinen DINO-j\u00e4lleenmyyj\u00e4si | Dinolift<\/title>\n<meta name=\"description\" content=\"Tervetuloa Dinoliftille! Tutustu DINO-perheeseen ja l\u00f6yd\u00e4 paikallinen DINO-j\u00e4lleenmyyj\u00e4si. DINO-henkil\u00f6kunta ymp\u00e4ri maailman on aina valmiina auttamaan Sinua!\" \/>\n<meta name=\"robots\" content=\"noindex, follow, max-snippet:-1, max-image-preview:large, max-video-preview:-1\" \/>\n<meta property=\"og:locale\" content=\"fi_FI\" \/>\n<meta property=\"og:type\" content=\"article\" \/>\n<meta property=\"og:title\" content=\"Ota yhteytt\u00e4 tai l\u00f6yd\u00e4 paikallinen DINO-j\u00e4lleenmyyj\u00e4si | Dinolift\" \/>\n<meta property=\"og:description\" content=\"Tervetuloa Dinoliftille! Tutustu DINO-perheeseen ja l\u00f6yd\u00e4 paikallinen DINO-j\u00e4lleenmyyj\u00e4si. DINO-henkil\u00f6kunta ymp\u00e4ri maailman on aina valmiina auttamaan Sinua!\" \/>\n<meta property=\"og:url\" content=\"https:\/\/www.dinolift.com\/fi\/yhteystiedot\/\" \/>\n<meta property=\"og:site_name\" content=\"Dinolift\" \/>\n<meta property=\"article:modified_time\" content=\"2019-10-10T10:03:33+00:00\" \/>\n<meta name=\"twitter:card\" content=\"summary_large_image\" \/>\n<script type=\"application\/ld+json\" class=\"yoast-schema-graph\">{\"@context\":\"https:\/\/schema.org\",\"@graph\":[{\"@type\":\"WebPage\",\"@id\":\"https:\/\/www.dinolift.com\/fi\/yhteystiedot\/\",\"url\":\"https:\/\/www.dinolift.com\/fi\/yhteystiedot\/\",\"name\":\"Ota yhteytt\u00e4 tai l\u00f6yd\u00e4 paikallinen DINO-j\u00e4lleenmyyj\u00e4si | Dinolift\",\"isPartOf\":{\"@id\":\"https:\/\/dinolift.wp2.tri.haus\/#website\"},\"datePublished\":\"2017-08-07T05:56:48+00:00\",\"dateModified\":\"2019-10-10T10:03:33+00:00\",\"description\":\"Tervetuloa Dinoliftille! Tutustu DINO-perheeseen ja l\u00f6yd\u00e4 paikallinen DINO-j\u00e4lleenmyyj\u00e4si. DINO-henkil\u00f6kunta ymp\u00e4ri maailman on aina valmiina auttamaan Sinua!\",\"breadcrumb\":{\"@id\":\"https:\/\/www.dinolift.com\/fi\/yhteystiedot\/#breadcrumb\"},\"inLanguage\":\"fi\",\"potentialAction\":[{\"@type\":\"ReadAction\",\"target\":[\"https:\/\/www.dinolift.com\/fi\/yhteystiedot\/\"]}]},{\"@type\":\"BreadcrumbList\",\"@id\":\"https:\/\/www.dinolift.com\/fi\/yhteystiedot\/#breadcrumb\",\"itemListElement\":[{\"@type\":\"ListItem\",\"position\":1,\"name\":\"Home\",\"item\":\"https:\/\/www.dinolift.com\/fi\/home\/\"},{\"@type\":\"ListItem\",\"position\":2,\"name\":\"Yhteystiedot\"}]},{\"@type\":\"WebSite\",\"@id\":\"https:\/\/dinolift.wp2.tri.haus\/#website\",\"url\":\"https:\/\/dinolift.wp2.tri.haus\/\",\"name\":\"Dinolift\",\"description\":\"Ihan uusi WordPress-sivusto\",\"potentialAction\":[{\"@type\":\"SearchAction\",\"target\":{\"@type\":\"EntryPoint\",\"urlTemplate\":\"https:\/\/dinolift.wp2.tri.haus\/?s={search_term_string}\"},\"query-input\":\"required name=search_term_string\"}],\"inLanguage\":\"fi\"}]}<\/script>\n<!-- \/ Yoast SEO plugin. -->","yoast_head_json":{"title":"Ota yhteytt\u00e4 tai l\u00f6yd\u00e4 paikallinen DINO-j\u00e4lleenmyyj\u00e4si | Dinolift","description":"Tervetuloa Dinoliftille! Tutustu DINO-perheeseen ja l\u00f6yd\u00e4 paikallinen DINO-j\u00e4lleenmyyj\u00e4si. DINO-henkil\u00f6kunta ymp\u00e4ri maailman on aina valmiina auttamaan Sinua!","robots":{"index":"noindex","follow":"follow","max-snippet":"max-snippet:-1","max-image-preview":"max-image-preview:large","max-video-preview":"max-video-preview:-1"},"og_locale":"fi_FI","og_type":"article","og_title":"Ota yhteytt\u00e4 tai l\u00f6yd\u00e4 paikallinen DINO-j\u00e4lleenmyyj\u00e4si | Dinolift","og_description":"Tervetuloa Dinoliftille! Tutustu DINO-perheeseen ja l\u00f6yd\u00e4 paikallinen DINO-j\u00e4lleenmyyj\u00e4si. DINO-henkil\u00f6kunta ymp\u00e4ri maailman on aina valmiina auttamaan Sinua!","og_url":"https:\/\/www.dinolift.com\/fi\/yhteystiedot\/","og_site_name":"Dinolift","article_modified_time":"2019-10-10T10:03:33+00:00","twitter_card":"summary_large_image","schema":{"@context":"https:\/\/schema.org","@graph":[{"@type":"WebPage","@id":"https:\/\/www.dinolift.com\/fi\/yhteystiedot\/","url":"https:\/\/www.dinolift.com\/fi\/yhteystiedot\/","name":"Ota yhteytt\u00e4 tai l\u00f6yd\u00e4 paikallinen DINO-j\u00e4lleenmyyj\u00e4si | Dinolift","isPartOf":{"@id":"https:\/\/dinolift.wp2.tri.haus\/#website"},"datePublished":"2017-08-07T05:56:48+00:00","dateModified":"2019-10-10T10:03:33+00:00","description":"Tervetuloa Dinoliftille! Tutustu DINO-perheeseen ja l\u00f6yd\u00e4 paikallinen DINO-j\u00e4lleenmyyj\u00e4si. DINO-henkil\u00f6kunta ymp\u00e4ri maailman on aina valmiina auttamaan Sinua!","breadcrumb":{"@id":"https:\/\/www.dinolift.com\/fi\/yhteystiedot\/#breadcrumb"},"inLanguage":"fi","potentialAction":[{"@type":"ReadAction","target":["https:\/\/www.dinolift.com\/fi\/yhteystiedot\/"]}]},{"@type":"BreadcrumbList","@id":"https:\/\/www.dinolift.com\/fi\/yhteystiedot\/#breadcrumb","itemListElement":[{"@type":"ListItem","position":1,"name":"Home","item":"https:\/\/www.dinolift.com\/fi\/home\/"},{"@type":"ListItem","position":2,"name":"Yhteystiedot"}]},{"@type":"WebSite","@id":"https:\/\/dinolift.wp2.tri.haus\/#website","url":"https:\/\/dinolift.wp2.tri.haus\/","name":"Dinolift","description":"Ihan uusi WordPress-sivusto","potentialAction":[{"@type":"SearchAction","target":{"@type":"EntryPoint","urlTemplate":"https:\/\/dinolift.wp2.tri.haus\/?s={search_term_string}"},"query-input":"required name=search_term_string"}],"inLanguage":"fi"}]}},"_links":{"self":[{"href":"https:\/\/dinolift.wp2.tri.haus\/fi\/wp-json\/wp\/v2\/pages\/6271\/"}],"collection":[{"href":"https:\/\/dinolift.wp2.tri.haus\/fi\/wp-json\/wp\/v2\/pages\/"}],"about":[{"href":"https:\/\/dinolift.wp2.tri.haus\/fi\/wp-json\/wp\/v2\/types\/page\/"}],"author":[{"embeddable":true,"href":"https:\/\/dinolift.wp2.tri.haus\/fi\/wp-json\/wp\/v2\/users\/724\/"}],"replies":[{"embeddable":true,"href":"https:\/\/dinolift.wp2.tri.haus\/fi\/wp-json\/wp\/v2\/comments\/?post=6271"}],"version-history":[{"count":5,"href":"https:\/\/dinolift.wp2.tri.haus\/fi\/wp-json\/wp\/v2\/pages\/6271\/revisions\/"}],"predecessor-version":[{"id":11794,"href":"https:\/\/dinolift.wp2.tri.haus\/fi\/wp-json\/wp\/v2\/pages\/6271\/revisions\/11794\/"}],"wp:attachment":[{"href":"https:\/\/dinolift.wp2.tri.haus\/fi\/wp-json\/wp\/v2\/media\/?parent=6271"}],"curies":[{"name":"wp","href":"https:\/\/api.w.org\/{rel}","templated":true}]}}