{"id":6933,"date":"2017-08-16T14:35:08","date_gmt":"2017-08-16T11:35:08","guid":{"rendered":"https:\/\/dinolift.wp2.tri.haus\/?page_id=6933\/"},"modified":"2019-10-10T13:04:33","modified_gmt":"2019-10-10T10:04:33","slug":"omistajarekisterointi","status":"publish","type":"page","link":"https:\/\/dinolift.wp2.tri.haus\/fi\/myynti-ja-tuki\/omistajarekisterointi\/","title":{"rendered":"Omistajarekister\u00f6inti"},"content":{"rendered":"<h1>Omistajarekister\u00f6inti<\/h1>\n<p>Rekister\u00f6itym\u00e4ll\u00e4 koneen omistajana varmistat, ett\u00e4 saat t\u00e4rkeit\u00e4 koneen turvallisuuteen, huoltoon ja k\u00e4ytt\u00f6\u00f6n liittyvi\u00e4 tiedotteita.<\/p>\n<p>Rekister\u00f6idy koneen omistajana \u00a0t\u00e4ytt\u00e4m\u00e4ll\u00e4 ja l\u00e4hett\u00e4m\u00e4ll\u00e4 omistajatietolomake.<\/p>\n<p><!--[if lte IE 8]>\n<script charset=\"utf-8\" type=\"text\/javascript\" src=\"\/\/js.hsforms.net\/forms\/v2-legacy.js\"><\/script>\n<![endif]--><br \/>\n<script charset=\"utf-8\" type=\"text\/javascript\" src=\"\/\/js.hsforms.net\/forms\/v2.js\"><\/script><br \/>\n<script>\nhbspt.forms.create({\nportalId: \"5814764\",\nformId: \"d8695753-b5d0-4b50-843b-380666b45fce\"\n});\n<\/script><\/p>\n","protected":false},"excerpt":{"rendered":"<p>Omistajarekister\u00f6inti Rekister\u00f6itym\u00e4ll\u00e4 koneen omistajana varmistat, ett\u00e4 saat t\u00e4rkeit\u00e4 koneen turvallisuuteen, huoltoon ja k\u00e4ytt\u00f6\u00f6n liittyvi\u00e4 tiedotteita. Rekister\u00f6idy koneen omistajana \u00a0t\u00e4ytt\u00e4m\u00e4ll\u00e4 ja l\u00e4hett\u00e4m\u00e4ll\u00e4 omistajatietolomake.<\/p>\n","protected":false},"author":1,"featured_media":0,"parent":8,"menu_order":0,"comment_status":"closed","ping_status":"closed","template":"","meta":[],"acf":{"page_links":false,"hero_content":""},"yoast_head":"<!-- This site is optimized with the Yoast SEO plugin v19.9 - https:\/\/yoast.com\/wordpress\/plugins\/seo\/ -->\n<title>Omistajarekister\u00f6inti - Dinolift<\/title>\n<meta name=\"robots\" content=\"noindex, follow, max-snippet:-1, max-image-preview:large, max-video-preview:-1\" \/>\n<meta property=\"og:locale\" content=\"fi_FI\" \/>\n<meta property=\"og:type\" content=\"article\" \/>\n<meta property=\"og:title\" content=\"Omistajarekister\u00f6inti - Dinolift\" \/>\n<meta property=\"og:description\" content=\"Omistajarekister\u00f6inti Rekister\u00f6itym\u00e4ll\u00e4 koneen omistajana varmistat, ett\u00e4 saat t\u00e4rkeit\u00e4 koneen turvallisuuteen, huoltoon ja k\u00e4ytt\u00f6\u00f6n liittyvi\u00e4 tiedotteita. Rekister\u00f6idy koneen omistajana \u00a0t\u00e4ytt\u00e4m\u00e4ll\u00e4 ja l\u00e4hett\u00e4m\u00e4ll\u00e4 omistajatietolomake.\" \/>\n<meta property=\"og:url\" content=\"https:\/\/www.dinolift.com\/fi\/myynti-ja-tuki\/omistajarekisterointi\/\" \/>\n<meta property=\"og:site_name\" content=\"Dinolift\" \/>\n<meta property=\"article:modified_time\" content=\"2019-10-10T10:04:33+00:00\" \/>\n<meta name=\"twitter:card\" content=\"summary_large_image\" \/>\n<script type=\"application\/ld+json\" class=\"yoast-schema-graph\">{\"@context\":\"https:\/\/schema.org\",\"@graph\":[{\"@type\":\"WebPage\",\"@id\":\"https:\/\/www.dinolift.com\/fi\/myynti-ja-tuki\/omistajarekisterointi\/\",\"url\":\"https:\/\/www.dinolift.com\/fi\/myynti-ja-tuki\/omistajarekisterointi\/\",\"name\":\"Omistajarekister\u00f6inti - Dinolift\",\"isPartOf\":{\"@id\":\"https:\/\/dinolift.wp2.tri.haus\/#website\"},\"datePublished\":\"2017-08-16T11:35:08+00:00\",\"dateModified\":\"2019-10-10T10:04:33+00:00\",\"breadcrumb\":{\"@id\":\"https:\/\/www.dinolift.com\/fi\/myynti-ja-tuki\/omistajarekisterointi\/#breadcrumb\"},\"inLanguage\":\"fi\",\"potentialAction\":[{\"@type\":\"ReadAction\",\"target\":[\"https:\/\/www.dinolift.com\/fi\/myynti-ja-tuki\/omistajarekisterointi\/\"]}]},{\"@type\":\"BreadcrumbList\",\"@id\":\"https:\/\/www.dinolift.com\/fi\/myynti-ja-tuki\/omistajarekisterointi\/#breadcrumb\",\"itemListElement\":[{\"@type\":\"ListItem\",\"position\":1,\"name\":\"Home\",\"item\":\"https:\/\/www.dinolift.com\/fi\/home\/\"},{\"@type\":\"ListItem\",\"position\":2,\"name\":\"Myynti ja tuki\",\"item\":\"https:\/\/www.dinolift.com\/fi\/myynti-ja-tuki\/\"},{\"@type\":\"ListItem\",\"position\":3,\"name\":\"Omistajarekister\u00f6inti\"}]},{\"@type\":\"WebSite\",\"@id\":\"https:\/\/dinolift.wp2.tri.haus\/#website\",\"url\":\"https:\/\/dinolift.wp2.tri.haus\/\",\"name\":\"Dinolift\",\"description\":\"Ihan uusi WordPress-sivusto\",\"potentialAction\":[{\"@type\":\"SearchAction\",\"target\":{\"@type\":\"EntryPoint\",\"urlTemplate\":\"https:\/\/dinolift.wp2.tri.haus\/?s={search_term_string}\"},\"query-input\":\"required name=search_term_string\"}],\"inLanguage\":\"fi\"}]}<\/script>\n<!-- \/ Yoast SEO plugin. -->","yoast_head_json":{"title":"Omistajarekister\u00f6inti - Dinolift","robots":{"index":"noindex","follow":"follow","max-snippet":"max-snippet:-1","max-image-preview":"max-image-preview:large","max-video-preview":"max-video-preview:-1"},"og_locale":"fi_FI","og_type":"article","og_title":"Omistajarekister\u00f6inti - Dinolift","og_description":"Omistajarekister\u00f6inti Rekister\u00f6itym\u00e4ll\u00e4 koneen omistajana varmistat, ett\u00e4 saat t\u00e4rkeit\u00e4 koneen turvallisuuteen, huoltoon ja k\u00e4ytt\u00f6\u00f6n liittyvi\u00e4 tiedotteita. Rekister\u00f6idy koneen omistajana \u00a0t\u00e4ytt\u00e4m\u00e4ll\u00e4 ja l\u00e4hett\u00e4m\u00e4ll\u00e4 omistajatietolomake.","og_url":"https:\/\/www.dinolift.com\/fi\/myynti-ja-tuki\/omistajarekisterointi\/","og_site_name":"Dinolift","article_modified_time":"2019-10-10T10:04:33+00:00","twitter_card":"summary_large_image","schema":{"@context":"https:\/\/schema.org","@graph":[{"@type":"WebPage","@id":"https:\/\/www.dinolift.com\/fi\/myynti-ja-tuki\/omistajarekisterointi\/","url":"https:\/\/www.dinolift.com\/fi\/myynti-ja-tuki\/omistajarekisterointi\/","name":"Omistajarekister\u00f6inti - Dinolift","isPartOf":{"@id":"https:\/\/dinolift.wp2.tri.haus\/#website"},"datePublished":"2017-08-16T11:35:08+00:00","dateModified":"2019-10-10T10:04:33+00:00","breadcrumb":{"@id":"https:\/\/www.dinolift.com\/fi\/myynti-ja-tuki\/omistajarekisterointi\/#breadcrumb"},"inLanguage":"fi","potentialAction":[{"@type":"ReadAction","target":["https:\/\/www.dinolift.com\/fi\/myynti-ja-tuki\/omistajarekisterointi\/"]}]},{"@type":"BreadcrumbList","@id":"https:\/\/www.dinolift.com\/fi\/myynti-ja-tuki\/omistajarekisterointi\/#breadcrumb","itemListElement":[{"@type":"ListItem","position":1,"name":"Home","item":"https:\/\/www.dinolift.com\/fi\/home\/"},{"@type":"ListItem","position":2,"name":"Myynti ja tuki","item":"https:\/\/www.dinolift.com\/fi\/myynti-ja-tuki\/"},{"@type":"ListItem","position":3,"name":"Omistajarekister\u00f6inti"}]},{"@type":"WebSite","@id":"https:\/\/dinolift.wp2.tri.haus\/#website","url":"https:\/\/dinolift.wp2.tri.haus\/","name":"Dinolift","description":"Ihan uusi WordPress-sivusto","potentialAction":[{"@type":"SearchAction","target":{"@type":"EntryPoint","urlTemplate":"https:\/\/dinolift.wp2.tri.haus\/?s={search_term_string}"},"query-input":"required name=search_term_string"}],"inLanguage":"fi"}]}},"_links":{"self":[{"href":"https:\/\/dinolift.wp2.tri.haus\/fi\/wp-json\/wp\/v2\/pages\/6933\/"}],"collection":[{"href":"https:\/\/dinolift.wp2.tri.haus\/fi\/wp-json\/wp\/v2\/pages\/"}],"about":[{"href":"https:\/\/dinolift.wp2.tri.haus\/fi\/wp-json\/wp\/v2\/types\/page\/"}],"author":[{"embeddable":true,"href":"https:\/\/dinolift.wp2.tri.haus\/fi\/wp-json\/wp\/v2\/users\/1\/"}],"replies":[{"embeddable":true,"href":"https:\/\/dinolift.wp2.tri.haus\/fi\/wp-json\/wp\/v2\/comments\/?post=6933"}],"version-history":[{"count":4,"href":"https:\/\/dinolift.wp2.tri.haus\/fi\/wp-json\/wp\/v2\/pages\/6933\/revisions\/"}],"predecessor-version":[{"id":11795,"href":"https:\/\/dinolift.wp2.tri.haus\/fi\/wp-json\/wp\/v2\/pages\/6933\/revisions\/11795\/"}],"up":[{"embeddable":true,"href":"https:\/\/dinolift.wp2.tri.haus\/fi\/wp-json\/wp\/v2\/pages\/8\/"}],"wp:attachment":[{"href":"https:\/\/dinolift.wp2.tri.haus\/fi\/wp-json\/wp\/v2\/media\/?parent=6933"}],"curies":[{"name":"wp","href":"https:\/\/api.w.org\/{rel}","templated":true}]}}