{"id":8,"date":"2017-04-18T13:26:42","date_gmt":"2017-04-18T10:26:42","guid":{"rendered":"https:\/\/dinolift.wp2.tri.haus\/?page_id=8"},"modified":"2022-02-23T11:09:49","modified_gmt":"2022-02-23T09:09:49","slug":"myynti-ja-tuki","status":"publish","type":"page","link":"https:\/\/dinolift.wp2.tri.haus\/fi\/myynti-ja-tuki\/","title":{"rendered":"Myynti ja tuki"},"content":{"rendered":"<h3>Myynti<\/h3>\n<p>DINO -henkil\u00f6nostimia myyd\u00e4\u00e4n j\u00e4lleenmyyntiverkostomme kautta yli 40 eri maassa. Ota yhteytt\u00e4 <span style=\"text-decoration: underline;\"><span style=\"color: #0000ff; text-decoration: underline;\"><a style=\"color: #0000ff; text-decoration: underline;\" href=\"https:\/\/www.rotator.fi\/dino-henkilonostimet\/\" target=\"_blank\" rel=\"noopener\">paikalliseen j\u00e4lleenmyyj\u00e4\u00e4si<\/a><\/span><\/span> saadaksesi lis\u00e4tietoja tuotteistamme ja palveluistamme.<\/p>\n<p>DINO-nostimiin liittyv\u00e4t kyselyt: <span style=\"color: #0000ff;\">sales(at)dinolift.com<\/span> tai <span style=\"color: #0000ff;\">terho.laine(at)rotator.fi<\/span> \/ <span style=\"color: #0000ff;\">vesa.valtonen(at)rotator.fi<\/span><\/p>\n<h3>Varaosat<\/h3>\n<p>Toimitamme alkuper\u00e4isi\u00e4 DINO-varaosia maailmanlaajuisesti kattavan j\u00e4lleenmyyntiverkostomme kautta. DINO Parts center on t\u00e4rke\u00e4 osa DINO-palvelua ja se palvelee asiakkaitamme nopeasti ja t\u00e4sm\u00e4llisesti. Suurin osa DINO-varaosatilauksista saadaan k\u00e4sitelty\u00e4 ja toimitettua saman p\u00e4iv\u00e4n aikana.<\/p>\n<p>DINO Parts centerin henkil\u00f6kunta palvelee sinua osoitteessa: <span style=\"color: #0000ff;\">spareparts(at)dinolift.com<\/span><\/p>\n<p><span style=\"text-decoration: underline;\"><span style=\"color: #0000ff; text-decoration: underline;\"><a style=\"color: #0000ff; text-decoration: underline;\" href=\"https:\/\/www.rotator.fi\/varaosat\/\" target=\"_blank\" rel=\"noopener\">Rotator varaosapalvelut<\/a><\/span><\/span>: <span style=\"color: #0000ff;\">juha.karkkainen(at)rotator.fi<\/span> tai <span style=\"color: #0000ff;\">mikko.eini(at)rotator.fi<\/span><\/p>\n<h3>Tekninen tuki<\/h3>\n<p>Olemme aina valmiita auttamaan. Soita tai l\u00e4het\u00e4 s\u00e4hk\u00f6postia meille tai paikalliselle j\u00e4lleenmyyj\u00e4llemme, niin saat ammattitaitoista apua nopeasti.<\/p>\n<p>DINO tekninen tuki: <span style=\"color: #0000ff;\">techsupport(at)dinolift.com<\/span><\/p>\n<p><span style=\"text-decoration: underline;\"><span style=\"color: #0000ff; text-decoration: underline;\"><a style=\"color: #0000ff; text-decoration: underline;\" href=\"https:\/\/www.rotator.fi\/tekninentuki\/\" target=\"_blank\" rel=\"noopener\">Rotator tekninen tuki<\/a><\/span><\/span>: <span style=\"color: #0000ff;\">kai.huttunen(at)rotator.fi<\/span><\/p>\n<h3>Koulutukset<\/h3>\n<p>Kattavilla teknisill\u00e4 koulutuksilla ja huoltokoulutuksilla varmistamme, ett\u00e4 j\u00e4lleenmyyj\u00e4mme tekninen tuki on p\u00e4tev\u00e4\u00e4 ja ammattitaitoista ja pystyy auttamaan DINO-nostimiin liittyviss\u00e4 kysymyksiss\u00e4. J\u00e4rjest\u00e4mme tehtaalla s\u00e4\u00e4nn\u00f6llisesti koulutuksia my\u00f6s asiakkaille sek\u00e4 vuokraamoiden myyjille.<\/p>\n<p>Koulutuksiin liittyv\u00e4t kysymykset:<span style=\"color: #0000ff;\"> techsupport(at)dinolift.com<\/span><\/p>\n","protected":false},"excerpt":{"rendered":"<p>Myynti DINO -henkil\u00f6nostimia myyd\u00e4\u00e4n j\u00e4lleenmyyntiverkostomme kautta yli 40 eri maassa. Ota yhteytt\u00e4 paikalliseen j\u00e4lleenmyyj\u00e4\u00e4si saadaksesi lis\u00e4tietoja tuotteistamme ja palveluistamme. DINO-nostimiin liittyv\u00e4t kyselyt: sales(at)dinolift.com tai terho.laine(at)rotator.fi \/ vesa.valtonen(at)rotator.fi Varaosat Toimitamme alkuper\u00e4isi\u00e4 DINO-varaosia maailmanlaajuisesti kattavan j\u00e4lleenmyyntiverkostomme kautta. DINO Parts center on t\u00e4rke\u00e4 osa DINO-palvelua ja se palvelee asiakkaitamme nopeasti ja t\u00e4sm\u00e4llisesti. Suurin osa DINO-varaosatilauksista saadaan k\u00e4sitelty\u00e4 ja [&hellip;]<\/p>\n","protected":false},"author":1,"featured_media":12443,"parent":0,"menu_order":0,"comment_status":"closed","ping_status":"closed","template":"","meta":[],"acf":{"hero_content":"<h1><em>Myynti- ja<\/em> <strong>tukipalvelut<\/strong><\/h1>\n","page_links":[{"page_links_link":"https:\/\/dinolift.wp2.tri.haus\/fi\/myynti-ja-tuki\/omistajarekisterointi\/","page_links_heading":"Omistajarekister\u00f6inti","page_links_text":"Rekister\u00f6itym\u00e4ll\u00e4 koneen omistajana varmistat, ett\u00e4 saat t\u00e4rkeit\u00e4 koneen turvallisuuteen, huoltoon ja k\u00e4ytt\u00f6\u00f6n liittyvi\u00e4 tiedotteita."}],"sidebar_content":""},"yoast_head":"<!-- This site is optimized with the Yoast SEO plugin v19.9 - https:\/\/yoast.com\/wordpress\/plugins\/seo\/ -->\n<title>Myynti ja tukipalvelut | Dinolift<\/title>\n<meta name=\"description\" content=\"Laaja j\u00e4lleenmyyj\u00e4verkosto, nopeat varaosatoimitukset, ammattitaitoinen tekninen tuki sek\u00e4 koulutukset \u2013 DINO-henkil\u00f6kunta on aina valmiina auttamaan!\" \/>\n<meta name=\"robots\" content=\"noindex, follow, max-snippet:-1, max-image-preview:large, max-video-preview:-1\" \/>\n<meta property=\"og:locale\" content=\"fi_FI\" \/>\n<meta property=\"og:type\" content=\"article\" \/>\n<meta property=\"og:title\" content=\"Myynti ja tukipalvelut | Dinolift\" \/>\n<meta property=\"og:description\" content=\"Laaja j\u00e4lleenmyyj\u00e4verkosto, nopeat varaosatoimitukset, ammattitaitoinen tekninen tuki sek\u00e4 koulutukset \u2013 DINO-henkil\u00f6kunta on aina valmiina auttamaan!\" \/>\n<meta property=\"og:url\" content=\"https:\/\/www.dinolift.com\/fi\/myynti-ja-tuki\/\" \/>\n<meta property=\"og:site_name\" content=\"Dinolift\" \/>\n<meta property=\"article:modified_time\" content=\"2022-02-23T09:09:49+00:00\" \/>\n<meta property=\"og:image\" content=\"https:\/\/www.dinolift.com\/assets\/files\/2020\/03\/Dinolift_Lightweight_mewp_Bauma_2019.jpg\" \/>\n\t<meta property=\"og:image:width\" content=\"1400\" \/>\n\t<meta property=\"og:image:height\" content=\"788\" \/>\n\t<meta property=\"og:image:type\" content=\"image\/jpeg\" \/>\n<meta name=\"twitter:card\" content=\"summary_large_image\" \/>\n<meta name=\"twitter:label1\" content=\"Arvioitu lukuaika\" \/>\n\t<meta name=\"twitter:data1\" content=\"1 minuutti\" \/>\n<script type=\"application\/ld+json\" class=\"yoast-schema-graph\">{\"@context\":\"https:\/\/schema.org\",\"@graph\":[{\"@type\":\"WebPage\",\"@id\":\"https:\/\/www.dinolift.com\/fi\/myynti-ja-tuki\/\",\"url\":\"https:\/\/www.dinolift.com\/fi\/myynti-ja-tuki\/\",\"name\":\"Myynti ja tukipalvelut | Dinolift\",\"isPartOf\":{\"@id\":\"https:\/\/dinolift.wp2.tri.haus\/#website\"},\"datePublished\":\"2017-04-18T10:26:42+00:00\",\"dateModified\":\"2022-02-23T09:09:49+00:00\",\"description\":\"Laaja j\u00e4lleenmyyj\u00e4verkosto, nopeat varaosatoimitukset, ammattitaitoinen tekninen tuki sek\u00e4 koulutukset \u2013 DINO-henkil\u00f6kunta on aina valmiina auttamaan!\",\"breadcrumb\":{\"@id\":\"https:\/\/www.dinolift.com\/fi\/myynti-ja-tuki\/#breadcrumb\"},\"inLanguage\":\"fi\",\"potentialAction\":[{\"@type\":\"ReadAction\",\"target\":[\"https:\/\/www.dinolift.com\/fi\/myynti-ja-tuki\/\"]}]},{\"@type\":\"BreadcrumbList\",\"@id\":\"https:\/\/www.dinolift.com\/fi\/myynti-ja-tuki\/#breadcrumb\",\"itemListElement\":[{\"@type\":\"ListItem\",\"position\":1,\"name\":\"Home\",\"item\":\"https:\/\/www.dinolift.com\/fi\/home\/\"},{\"@type\":\"ListItem\",\"position\":2,\"name\":\"Myynti ja tuki\"}]},{\"@type\":\"WebSite\",\"@id\":\"https:\/\/dinolift.wp2.tri.haus\/#website\",\"url\":\"https:\/\/dinolift.wp2.tri.haus\/\",\"name\":\"Dinolift\",\"description\":\"Ihan uusi WordPress-sivusto\",\"potentialAction\":[{\"@type\":\"SearchAction\",\"target\":{\"@type\":\"EntryPoint\",\"urlTemplate\":\"https:\/\/dinolift.wp2.tri.haus\/?s={search_term_string}\"},\"query-input\":\"required name=search_term_string\"}],\"inLanguage\":\"fi\"}]}<\/script>\n<!-- \/ Yoast SEO plugin. -->","yoast_head_json":{"title":"Myynti ja tukipalvelut | Dinolift","description":"Laaja j\u00e4lleenmyyj\u00e4verkosto, nopeat varaosatoimitukset, ammattitaitoinen tekninen tuki sek\u00e4 koulutukset \u2013 DINO-henkil\u00f6kunta on aina valmiina auttamaan!","robots":{"index":"noindex","follow":"follow","max-snippet":"max-snippet:-1","max-image-preview":"max-image-preview:large","max-video-preview":"max-video-preview:-1"},"og_locale":"fi_FI","og_type":"article","og_title":"Myynti ja tukipalvelut | Dinolift","og_description":"Laaja j\u00e4lleenmyyj\u00e4verkosto, nopeat varaosatoimitukset, ammattitaitoinen tekninen tuki sek\u00e4 koulutukset \u2013 DINO-henkil\u00f6kunta on aina valmiina auttamaan!","og_url":"https:\/\/www.dinolift.com\/fi\/myynti-ja-tuki\/","og_site_name":"Dinolift","article_modified_time":"2022-02-23T09:09:49+00:00","og_image":[{"width":1400,"height":788,"url":"https:\/\/www.dinolift.com\/assets\/files\/2020\/03\/Dinolift_Lightweight_mewp_Bauma_2019.jpg","type":"image\/jpeg"}],"twitter_card":"summary_large_image","twitter_misc":{"Arvioitu lukuaika":"1 minuutti"},"schema":{"@context":"https:\/\/schema.org","@graph":[{"@type":"WebPage","@id":"https:\/\/www.dinolift.com\/fi\/myynti-ja-tuki\/","url":"https:\/\/www.dinolift.com\/fi\/myynti-ja-tuki\/","name":"Myynti ja tukipalvelut | Dinolift","isPartOf":{"@id":"https:\/\/dinolift.wp2.tri.haus\/#website"},"datePublished":"2017-04-18T10:26:42+00:00","dateModified":"2022-02-23T09:09:49+00:00","description":"Laaja j\u00e4lleenmyyj\u00e4verkosto, nopeat varaosatoimitukset, ammattitaitoinen tekninen tuki sek\u00e4 koulutukset \u2013 DINO-henkil\u00f6kunta on aina valmiina auttamaan!","breadcrumb":{"@id":"https:\/\/www.dinolift.com\/fi\/myynti-ja-tuki\/#breadcrumb"},"inLanguage":"fi","potentialAction":[{"@type":"ReadAction","target":["https:\/\/www.dinolift.com\/fi\/myynti-ja-tuki\/"]}]},{"@type":"BreadcrumbList","@id":"https:\/\/www.dinolift.com\/fi\/myynti-ja-tuki\/#breadcrumb","itemListElement":[{"@type":"ListItem","position":1,"name":"Home","item":"https:\/\/www.dinolift.com\/fi\/home\/"},{"@type":"ListItem","position":2,"name":"Myynti ja tuki"}]},{"@type":"WebSite","@id":"https:\/\/dinolift.wp2.tri.haus\/#website","url":"https:\/\/dinolift.wp2.tri.haus\/","name":"Dinolift","description":"Ihan uusi WordPress-sivusto","potentialAction":[{"@type":"SearchAction","target":{"@type":"EntryPoint","urlTemplate":"https:\/\/dinolift.wp2.tri.haus\/?s={search_term_string}"},"query-input":"required name=search_term_string"}],"inLanguage":"fi"}]}},"_links":{"self":[{"href":"https:\/\/dinolift.wp2.tri.haus\/fi\/wp-json\/wp\/v2\/pages\/8\/"}],"collection":[{"href":"https:\/\/dinolift.wp2.tri.haus\/fi\/wp-json\/wp\/v2\/pages\/"}],"about":[{"href":"https:\/\/dinolift.wp2.tri.haus\/fi\/wp-json\/wp\/v2\/types\/page\/"}],"author":[{"embeddable":true,"href":"https:\/\/dinolift.wp2.tri.haus\/fi\/wp-json\/wp\/v2\/users\/1\/"}],"replies":[{"embeddable":true,"href":"https:\/\/dinolift.wp2.tri.haus\/fi\/wp-json\/wp\/v2\/comments\/?post=8"}],"version-history":[{"count":6,"href":"https:\/\/dinolift.wp2.tri.haus\/fi\/wp-json\/wp\/v2\/pages\/8\/revisions\/"}],"predecessor-version":[{"id":16531,"href":"https:\/\/dinolift.wp2.tri.haus\/fi\/wp-json\/wp\/v2\/pages\/8\/revisions\/16531\/"}],"wp:featuredmedia":[{"embeddable":true,"href":"https:\/\/dinolift.wp2.tri.haus\/fi\/wp-json\/wp\/v2\/media\/12443\/"}],"wp:attachment":[{"href":"https:\/\/dinolift.wp2.tri.haus\/fi\/wp-json\/wp\/v2\/media\/?parent=8"}],"curies":[{"name":"wp","href":"https:\/\/api.w.org\/{rel}","templated":true}]}}