{"id":16746,"date":"2022-05-10T15:45:13","date_gmt":"2022-05-10T12:45:13","guid":{"rendered":"https:\/\/dinolift.wp2.tri.haus\/?page_id=16746"},"modified":"2023-02-10T13:53:01","modified_gmt":"2023-02-10T11:53:01","slug":"finansiering","status":"publish","type":"page","link":"https:\/\/dinolift.wp2.tri.haus\/sv\/sales-support\/finansiering\/","title":{"rendered":"Finansiering"},"content":{"rendered":"<h2>Leasingfinansiering<\/h2>\n<p>Dinolift vill st\u00f6da tillv\u00e4xten av din verksamhet med finansieringsl\u00f6sningar som g\u00f6r det enklare att skaffa en skylift. Inf\u00f6rskaffning av en skylift med leasingfinansiering kan vara ett l\u00f6nsamt och utm\u00e4rkt alternativ i m\u00e5nga fall, s\u00e4rskilt d\u00e5 ditt f\u00f6retag inte vill g\u00f6ra stora eng\u00e5ngsinvesteringar i att \u00e4ga liftar sj\u00e4lv.<\/p>\n<h3>EN P\u00c5LITLIG FINANSIERINGSPARTNER HJ\u00c4LPER TILL MED GENOMF\u00d6RANDET AV UPPHANDLINGEN<\/h3>\n<p>Vi har valt Siemens finansiella tj\u00e4nster som v\u00e5r huvudpartner. SFS erbjuder finansieringsl\u00f6sningar som \u00e4r utformade f\u00f6r att m\u00f6ta behoven hos Dinolifts kunder. \u00a0En leasingl\u00f6sning skr\u00e4ddarsydd f\u00f6r ditt f\u00f6retag hj\u00e4lper till att optimera anv\u00e4ndningen av kapital och g\u00f6r det d\u00e4rmed m\u00f6jligt f\u00f6r ditt f\u00f6retag att v\u00e4xa och utveckla din verksamhet.<\/p>\n<h3>Leasingfinansiering ger ett brett utbud av f\u00f6rdelar<\/h3>\n<ul>\n<li>F\u00f6retaget betalar hyra f\u00f6r utrustningen f\u00f6r den \u00f6verenskomna perioden, och undviker tunga eng\u00e5ngsinvesteringar som binder kapital<\/li>\n<li>Budgeteringen underl\u00e4ttas eftersom hyrorna \u00e4r j\u00e4mnt f\u00f6rdelade \u00f6ver hyresperioden<\/li>\n<li>Leasingfinansiering m\u00f6jligg\u00f6r en snabbare rotation av liftparken: moderna och uppdaterade maskiner<\/li>\n<li>Det \u00e4r enkelt att g\u00f6ra till\u00e4gg\/ inkludera fler maskiner i avtalet<\/li>\n<li>Hyrorna kan anpassas till s\u00e4songsvariationer i bolagets verksamhet<\/li>\n<li>Leasingavtalet belastar inte bolagets balansr\u00e4kning och frig\u00f6r d\u00e4rmed kapital f\u00f6r andra \u00e4ndam\u00e5l<\/li>\n<li>Hyran \u00e4r avdragsgill i beskattningen<\/li>\n<li>Den finansierade maskinen fungerar som garanti f\u00f6r leasingfinansieringen<\/li>\n<li>SFS \u00e4ger leasingobjektet under avtalsperiodens l\u00f6ptid, men efter perioden har leasetagaren r\u00e4tt att utse en k\u00f6pare till leasingobjektet<\/li>\n<\/ul>\n<p>Oavsett om du inf\u00f6rskaffar din f\u00f6rsta skylift eller ut\u00f6kar din befintliga maskinpark \u2013 kontakta g\u00e4rna antingen v\u00e5r \u00e5terf\u00f6rs\u00e4ljare eller <a href=\"mailto:sales@dinolift.com\">Dinolift<\/a> och be om ett erbjudande om leasingfinansiering p\u00e5 din nya skylift. Tillsammans tar vi reda p\u00e5 r\u00e4tt leasingalternativ f\u00f6r ditt f\u00f6retag och ber\u00e4knar det betalningsprogram som passar ditt f\u00f6retag.<\/p>\n<p>Leasingfinansiering som tillhandah\u00e5lls genom oss \u00e4r m\u00f6jlig p\u00e5 v\u00e5ra huvudmarknader.\u00a0 Leasingavtalet kr\u00e4ver ett positivt kreditbeslut fr\u00e5n v\u00e5r partner.<\/p>\n<p><img loading=\"lazy\" class=\"alignnone  wp-image-18389\" src=\"https:\/\/dinolift.wp2.tri.haus\/assets\/files\/2023\/02\/be9a3dba-771b-48f6-a515-7afbed8f8620-640x149.jpeg\" alt=\"\" width=\"249\" height=\"58\" srcset=\"https:\/\/dinolift.wp2.tri.haus\/assets\/files\/2023\/02\/be9a3dba-771b-48f6-a515-7afbed8f8620-640x149.jpeg 640w, https:\/\/dinolift.wp2.tri.haus\/assets\/files\/2023\/02\/be9a3dba-771b-48f6-a515-7afbed8f8620-1100x256.jpeg 1100w, https:\/\/dinolift.wp2.tri.haus\/assets\/files\/2023\/02\/be9a3dba-771b-48f6-a515-7afbed8f8620-768x179.jpeg 768w, https:\/\/dinolift.wp2.tri.haus\/assets\/files\/2023\/02\/be9a3dba-771b-48f6-a515-7afbed8f8620-1536x358.jpeg 1536w, https:\/\/dinolift.wp2.tri.haus\/assets\/files\/2023\/02\/be9a3dba-771b-48f6-a515-7afbed8f8620-1600x377.jpeg 1600w, https:\/\/dinolift.wp2.tri.haus\/assets\/files\/2023\/02\/be9a3dba-771b-48f6-a515-7afbed8f8620.jpeg 1617w\" sizes=\"(max-width: 249px) 100vw, 249px\" \/><\/p>\n","protected":false},"excerpt":{"rendered":"<p>Leasingfinansiering Dinolift vill st\u00f6da tillv\u00e4xten av din verksamhet med finansieringsl\u00f6sningar som g\u00f6r det enklare att skaffa en skylift. Inf\u00f6rskaffning av en skylift med leasingfinansiering kan vara ett l\u00f6nsamt och utm\u00e4rkt alternativ i m\u00e5nga fall, s\u00e4rskilt d\u00e5 ditt f\u00f6retag inte vill g\u00f6ra stora eng\u00e5ngsinvesteringar i att \u00e4ga liftar sj\u00e4lv. EN P\u00c5LITLIG FINANSIERINGSPARTNER HJ\u00c4LPER TILL MED GENOMF\u00d6RANDET [&hellip;]<\/p>\n","protected":false},"author":1,"featured_media":16738,"parent":6240,"menu_order":0,"comment_status":"closed","ping_status":"closed","template":"","meta":[],"acf":{"hero_content":"<h1><em>Leasing<\/em><strong>finansiering<\/strong><\/h1>\n","page_links":false,"sidebar_content":""},"yoast_head":"<!-- This site is optimized with the Yoast SEO plugin v19.9 - https:\/\/yoast.com\/wordpress\/plugins\/seo\/ -->\n<title>Finansiering - Dinolift<\/title>\n<meta name=\"description\" content=\"Dinolift vill st\u00f6da tillv\u00e4xten av din verksamhet med finansieringsl\u00f6sningar som g\u00f6r det enklare att skaffa en skylift.\" \/>\n<meta name=\"robots\" content=\"noindex, follow, max-snippet:-1, max-image-preview:large, max-video-preview:-1\" \/>\n<meta property=\"og:locale\" content=\"sv_SE\" \/>\n<meta property=\"og:type\" content=\"article\" \/>\n<meta property=\"og:title\" content=\"Finansiering - Dinolift\" \/>\n<meta property=\"og:description\" content=\"Dinolift vill st\u00f6da tillv\u00e4xten av din verksamhet med finansieringsl\u00f6sningar som g\u00f6r det enklare att skaffa en skylift.\" \/>\n<meta property=\"og:url\" content=\"https:\/\/www.dinolift.com\/sv\/sales-support\/finansiering\/\" \/>\n<meta property=\"og:site_name\" content=\"Dinolift\" \/>\n<meta property=\"article:modified_time\" content=\"2023-02-10T11:53:01+00:00\" \/>\n<meta property=\"og:image\" content=\"https:\/\/www.dinolift.com\/assets\/files\/2022\/04\/Dinolift_DINO_summer_pic20_scaled.jpg\" \/>\n\t<meta property=\"og:image:width\" content=\"1400\" \/>\n\t<meta property=\"og:image:height\" content=\"788\" \/>\n\t<meta property=\"og:image:type\" content=\"image\/jpeg\" \/>\n<meta name=\"twitter:card\" content=\"summary_large_image\" \/>\n<meta name=\"twitter:label1\" content=\"Ber\u00e4knad l\u00e4stid\" \/>\n\t<meta name=\"twitter:data1\" content=\"2 minuter\" \/>\n<script type=\"application\/ld+json\" class=\"yoast-schema-graph\">{\"@context\":\"https:\/\/schema.org\",\"@graph\":[{\"@type\":\"WebPage\",\"@id\":\"https:\/\/www.dinolift.com\/sv\/sales-support\/finansiering\/\",\"url\":\"https:\/\/www.dinolift.com\/sv\/sales-support\/finansiering\/\",\"name\":\"Finansiering - Dinolift\",\"isPartOf\":{\"@id\":\"https:\/\/dinolift.wp2.tri.haus\/#website\"},\"datePublished\":\"2022-05-10T12:45:13+00:00\",\"dateModified\":\"2023-02-10T11:53:01+00:00\",\"description\":\"Dinolift vill st\u00f6da tillv\u00e4xten av din verksamhet med finansieringsl\u00f6sningar som g\u00f6r det enklare att skaffa en skylift.\",\"breadcrumb\":{\"@id\":\"https:\/\/www.dinolift.com\/sv\/sales-support\/finansiering\/#breadcrumb\"},\"inLanguage\":\"sv-SE\",\"potentialAction\":[{\"@type\":\"ReadAction\",\"target\":[\"https:\/\/www.dinolift.com\/sv\/sales-support\/finansiering\/\"]}]},{\"@type\":\"BreadcrumbList\",\"@id\":\"https:\/\/www.dinolift.com\/sv\/sales-support\/finansiering\/#breadcrumb\",\"itemListElement\":[{\"@type\":\"ListItem\",\"position\":1,\"name\":\"Home\",\"item\":\"https:\/\/www.dinolift.com\/sv\/\"},{\"@type\":\"ListItem\",\"position\":2,\"name\":\"F\u00f6rs\u00e4ljning och support\",\"item\":\"https:\/\/www.dinolift.com\/sv\/sales-support\/\"},{\"@type\":\"ListItem\",\"position\":3,\"name\":\"Finansiering\"}]},{\"@type\":\"WebSite\",\"@id\":\"https:\/\/dinolift.wp2.tri.haus\/#website\",\"url\":\"https:\/\/dinolift.wp2.tri.haus\/\",\"name\":\"Dinolift\",\"description\":\"Ihan uusi WordPress-sivusto\",\"potentialAction\":[{\"@type\":\"SearchAction\",\"target\":{\"@type\":\"EntryPoint\",\"urlTemplate\":\"https:\/\/dinolift.wp2.tri.haus\/?s={search_term_string}\"},\"query-input\":\"required name=search_term_string\"}],\"inLanguage\":\"sv-SE\"}]}<\/script>\n<!-- \/ Yoast SEO plugin. -->","yoast_head_json":{"title":"Finansiering - Dinolift","description":"Dinolift vill st\u00f6da tillv\u00e4xten av din verksamhet med finansieringsl\u00f6sningar som g\u00f6r det enklare att skaffa en skylift.","robots":{"index":"noindex","follow":"follow","max-snippet":"max-snippet:-1","max-image-preview":"max-image-preview:large","max-video-preview":"max-video-preview:-1"},"og_locale":"sv_SE","og_type":"article","og_title":"Finansiering - Dinolift","og_description":"Dinolift vill st\u00f6da tillv\u00e4xten av din verksamhet med finansieringsl\u00f6sningar som g\u00f6r det enklare att skaffa en skylift.","og_url":"https:\/\/www.dinolift.com\/sv\/sales-support\/finansiering\/","og_site_name":"Dinolift","article_modified_time":"2023-02-10T11:53:01+00:00","og_image":[{"width":1400,"height":788,"url":"https:\/\/www.dinolift.com\/assets\/files\/2022\/04\/Dinolift_DINO_summer_pic20_scaled.jpg","type":"image\/jpeg"}],"twitter_card":"summary_large_image","twitter_misc":{"Ber\u00e4knad l\u00e4stid":"2 minuter"},"schema":{"@context":"https:\/\/schema.org","@graph":[{"@type":"WebPage","@id":"https:\/\/www.dinolift.com\/sv\/sales-support\/finansiering\/","url":"https:\/\/www.dinolift.com\/sv\/sales-support\/finansiering\/","name":"Finansiering - Dinolift","isPartOf":{"@id":"https:\/\/dinolift.wp2.tri.haus\/#website"},"datePublished":"2022-05-10T12:45:13+00:00","dateModified":"2023-02-10T11:53:01+00:00","description":"Dinolift vill st\u00f6da tillv\u00e4xten av din verksamhet med finansieringsl\u00f6sningar som g\u00f6r det enklare att skaffa en skylift.","breadcrumb":{"@id":"https:\/\/www.dinolift.com\/sv\/sales-support\/finansiering\/#breadcrumb"},"inLanguage":"sv-SE","potentialAction":[{"@type":"ReadAction","target":["https:\/\/www.dinolift.com\/sv\/sales-support\/finansiering\/"]}]},{"@type":"BreadcrumbList","@id":"https:\/\/www.dinolift.com\/sv\/sales-support\/finansiering\/#breadcrumb","itemListElement":[{"@type":"ListItem","position":1,"name":"Home","item":"https:\/\/www.dinolift.com\/sv\/"},{"@type":"ListItem","position":2,"name":"F\u00f6rs\u00e4ljning och support","item":"https:\/\/www.dinolift.com\/sv\/sales-support\/"},{"@type":"ListItem","position":3,"name":"Finansiering"}]},{"@type":"WebSite","@id":"https:\/\/dinolift.wp2.tri.haus\/#website","url":"https:\/\/dinolift.wp2.tri.haus\/","name":"Dinolift","description":"Ihan uusi WordPress-sivusto","potentialAction":[{"@type":"SearchAction","target":{"@type":"EntryPoint","urlTemplate":"https:\/\/dinolift.wp2.tri.haus\/?s={search_term_string}"},"query-input":"required name=search_term_string"}],"inLanguage":"sv-SE"}]}},"_links":{"self":[{"href":"https:\/\/dinolift.wp2.tri.haus\/sv\/wp-json\/wp\/v2\/pages\/16746\/"}],"collection":[{"href":"https:\/\/dinolift.wp2.tri.haus\/sv\/wp-json\/wp\/v2\/pages\/"}],"about":[{"href":"https:\/\/dinolift.wp2.tri.haus\/sv\/wp-json\/wp\/v2\/types\/page\/"}],"author":[{"embeddable":true,"href":"https:\/\/dinolift.wp2.tri.haus\/sv\/wp-json\/wp\/v2\/users\/1\/"}],"replies":[{"embeddable":true,"href":"https:\/\/dinolift.wp2.tri.haus\/sv\/wp-json\/wp\/v2\/comments\/?post=16746"}],"version-history":[{"count":5,"href":"https:\/\/dinolift.wp2.tri.haus\/sv\/wp-json\/wp\/v2\/pages\/16746\/revisions\/"}],"predecessor-version":[{"id":18393,"href":"https:\/\/dinolift.wp2.tri.haus\/sv\/wp-json\/wp\/v2\/pages\/16746\/revisions\/18393\/"}],"up":[{"embeddable":true,"href":"https:\/\/dinolift.wp2.tri.haus\/sv\/wp-json\/wp\/v2\/pages\/6240\/"}],"wp:featuredmedia":[{"embeddable":true,"href":"https:\/\/dinolift.wp2.tri.haus\/sv\/wp-json\/wp\/v2\/media\/16738\/"}],"wp:attachment":[{"href":"https:\/\/dinolift.wp2.tri.haus\/sv\/wp-json\/wp\/v2\/media\/?parent=16746"}],"curies":[{"name":"wp","href":"https:\/\/api.w.org\/{rel}","templated":true}]}}