{"id":6240,"date":"2017-04-27T11:58:16","date_gmt":"2017-04-27T08:58:16","guid":{"rendered":"https:\/\/dinolift.wp2.tri.haus\/sales-support\/"},"modified":"2019-11-27T08:54:34","modified_gmt":"2019-11-27T06:54:34","slug":"sales-support","status":"publish","type":"page","link":"https:\/\/dinolift.wp2.tri.haus\/sv\/sales-support\/","title":{"rendered":"F\u00f6rs\u00e4ljning och support"},"content":{"rendered":"<h3>F\u00f6rs\u00e4ljning<\/h3>\n<p>DINO personliftar s\u00e4ljs via v\u00e5rt n\u00e4tverk av distribut\u00f6rer i \u00f6ver 40 l\u00e4nder. Kontakta din lokala DINO distribut\u00f6r f\u00f6r att f\u00e5 mera information om v\u00e5ra produkter och tj\u00e4nster.<\/p>\n<p>F\u00f6r alla DINO f\u00f6rfr\u00e5gningar, v\u00e4nligen kontakta\u00a0<span style=\"color: #0000ff;\">sales(at)dinolift.com<\/span><\/p>\n<h3>Reservdelar<\/h3>\n<p>Vi levererar originaldelar till DINO liftar globalt direkt fr\u00e5n fabriken eller via v\u00e5rt n\u00e4tverk av distribut\u00f6rer. DINO parts center \u00e4r en del av DINO servicen, personalen betj\u00e4nar DINO kunder snabbt och noggrannt. De flesta DINO reservdelsbest\u00e4llningarna kan behandlas och levereras under samma dag.<\/p>\n<p>Personalen p\u00e5 DINO parts center kan n\u00e5s p\u00e5 <span style=\"color: #0000ff;\">spareparts(at)dinolift.com<\/span><\/p>\n<h3>Technisk support<\/h3>\n<p>Vi \u00e4r alltid redo att hj\u00e4lpa dig. Bara ring eller skicka epost till din lokala distribut\u00f6r f\u00f6r att f\u00e5 professionell hj\u00e4lp med detsamma. Fabrikens tekniska support st\u00e5r \u00e4ven till din tj\u00e4nst vid behov, v\u00e4nligen kontakta oss p\u00e5\u00a0<span style=\"color: #0000ff;\">techsupport(at)dinolift.com<\/span><\/p>\n<h3>Skolning<\/h3>\n<p>Grundlig service- och teknisk skolning garanterar att v\u00e5ra distribut\u00f6rer har den kunskap de beh\u00f6ver f\u00f6r att hj\u00e4lpa dig vid behov. Dinolift arrangerar ocks\u00e5 regelbundet skolning f\u00f6r kunder f\u00f6r att hj\u00e4lpa dem underh\u00e5lla sina DINO maskiner p\u00e5 b\u00e4sta s\u00e4tt. \u00c4ven kurser f\u00f6r uthyrningsf\u00f6retags s\u00e4ljpersonal ordnas g\u00e4rna.<\/p>\n<p>F\u00f6r alla fr\u00e5gor g\u00e4llande skolning, v\u00e4nligen kontakta <span style=\"color: #0000ff;\">techsupport(at)dinolift.com<\/span><\/p>\n","protected":false},"excerpt":{"rendered":"<p>F\u00f6rs\u00e4ljning DINO personliftar s\u00e4ljs via v\u00e5rt n\u00e4tverk av distribut\u00f6rer i \u00f6ver 40 l\u00e4nder. Kontakta din lokala DINO distribut\u00f6r f\u00f6r att f\u00e5 mera information om v\u00e5ra produkter och tj\u00e4nster. F\u00f6r alla DINO f\u00f6rfr\u00e5gningar, v\u00e4nligen kontakta\u00a0sales(at)dinolift.com Reservdelar Vi levererar originaldelar till DINO liftar globalt direkt fr\u00e5n fabriken eller via v\u00e5rt n\u00e4tverk av distribut\u00f6rer. DINO parts center \u00e4r [&hellip;]<\/p>\n","protected":false},"author":1,"featured_media":12444,"parent":0,"menu_order":0,"comment_status":"closed","ping_status":"closed","template":"","meta":[],"acf":{"hero_content":"<h1><em>F\u00f6rs\u00e4ljning och<\/em> <strong>support<\/strong><\/h1>\n","page_links":[{"page_links_link":"https:\/\/dinolift.wp2.tri.haus\/sv\/sales-support\/agarregistrering\/","page_links_heading":"\u00c4garregistrering","page_links_text":"Genom att registrera dig f\u00e5r du viktig information om maskinens s\u00e4kerhet, underh\u00e5ll och anv\u00e4ndning."}]},"yoast_head":"<!-- This site is optimized with the Yoast SEO plugin v19.9 - https:\/\/yoast.com\/wordpress\/plugins\/seo\/ -->\n<title>Myynti ja tukipalvelut | Dinolift<\/title>\n<meta name=\"description\" content=\"Laaja j\u00e4lleenmyyj\u00e4verkosto, nopeat varaosatoimitukset, ammattitaitoinen tekninen tuki sek\u00e4 koulutukset \u2013 DINO-henkil\u00f6kunta on aina valmiina auttamaan!\" \/>\n<meta name=\"robots\" content=\"noindex, follow, max-snippet:-1, max-image-preview:large, max-video-preview:-1\" \/>\n<meta property=\"og:locale\" content=\"sv_SE\" \/>\n<meta property=\"og:type\" content=\"article\" \/>\n<meta property=\"og:title\" content=\"Myynti ja tukipalvelut | Dinolift\" \/>\n<meta property=\"og:description\" content=\"Laaja j\u00e4lleenmyyj\u00e4verkosto, nopeat varaosatoimitukset, ammattitaitoinen tekninen tuki sek\u00e4 koulutukset \u2013 DINO-henkil\u00f6kunta on aina valmiina auttamaan!\" \/>\n<meta property=\"og:url\" content=\"https:\/\/www.dinolift.com\/sv\/sales-support\/\" \/>\n<meta property=\"og:site_name\" content=\"Dinolift\" \/>\n<meta property=\"article:modified_time\" content=\"2019-11-27T06:54:34+00:00\" \/>\n<meta property=\"og:image\" content=\"https:\/\/www.dinolift.com\/assets\/files\/2020\/03\/Dinolift_Lightweight_mewp_Bauma_2019.jpg\" \/>\n\t<meta property=\"og:image:width\" content=\"1400\" \/>\n\t<meta property=\"og:image:height\" content=\"788\" \/>\n\t<meta property=\"og:image:type\" content=\"image\/jpeg\" \/>\n<meta name=\"twitter:card\" content=\"summary_large_image\" \/>\n<meta name=\"twitter:label1\" content=\"Ber\u00e4knad l\u00e4stid\" \/>\n\t<meta name=\"twitter:data1\" content=\"1 minut\" \/>\n<script type=\"application\/ld+json\" class=\"yoast-schema-graph\">{\"@context\":\"https:\/\/schema.org\",\"@graph\":[{\"@type\":\"WebPage\",\"@id\":\"https:\/\/www.dinolift.com\/sv\/sales-support\/\",\"url\":\"https:\/\/www.dinolift.com\/sv\/sales-support\/\",\"name\":\"Myynti ja tukipalvelut | Dinolift\",\"isPartOf\":{\"@id\":\"https:\/\/dinolift.wp2.tri.haus\/#website\"},\"datePublished\":\"2017-04-27T08:58:16+00:00\",\"dateModified\":\"2019-11-27T06:54:34+00:00\",\"description\":\"Laaja j\u00e4lleenmyyj\u00e4verkosto, nopeat varaosatoimitukset, ammattitaitoinen tekninen tuki sek\u00e4 koulutukset \u2013 DINO-henkil\u00f6kunta on aina valmiina auttamaan!\",\"breadcrumb\":{\"@id\":\"https:\/\/www.dinolift.com\/sv\/sales-support\/#breadcrumb\"},\"inLanguage\":\"sv-SE\",\"potentialAction\":[{\"@type\":\"ReadAction\",\"target\":[\"https:\/\/www.dinolift.com\/sv\/sales-support\/\"]}]},{\"@type\":\"BreadcrumbList\",\"@id\":\"https:\/\/www.dinolift.com\/sv\/sales-support\/#breadcrumb\",\"itemListElement\":[{\"@type\":\"ListItem\",\"position\":1,\"name\":\"Home\",\"item\":\"https:\/\/www.dinolift.com\/sv\/\"},{\"@type\":\"ListItem\",\"position\":2,\"name\":\"F\u00f6rs\u00e4ljning och support\"}]},{\"@type\":\"WebSite\",\"@id\":\"https:\/\/dinolift.wp2.tri.haus\/#website\",\"url\":\"https:\/\/dinolift.wp2.tri.haus\/\",\"name\":\"Dinolift\",\"description\":\"Ihan uusi WordPress-sivusto\",\"potentialAction\":[{\"@type\":\"SearchAction\",\"target\":{\"@type\":\"EntryPoint\",\"urlTemplate\":\"https:\/\/dinolift.wp2.tri.haus\/?s={search_term_string}\"},\"query-input\":\"required name=search_term_string\"}],\"inLanguage\":\"sv-SE\"}]}<\/script>\n<!-- \/ Yoast SEO plugin. -->","yoast_head_json":{"title":"Myynti ja tukipalvelut | Dinolift","description":"Laaja j\u00e4lleenmyyj\u00e4verkosto, nopeat varaosatoimitukset, ammattitaitoinen tekninen tuki sek\u00e4 koulutukset \u2013 DINO-henkil\u00f6kunta on aina valmiina auttamaan!","robots":{"index":"noindex","follow":"follow","max-snippet":"max-snippet:-1","max-image-preview":"max-image-preview:large","max-video-preview":"max-video-preview:-1"},"og_locale":"sv_SE","og_type":"article","og_title":"Myynti ja tukipalvelut | Dinolift","og_description":"Laaja j\u00e4lleenmyyj\u00e4verkosto, nopeat varaosatoimitukset, ammattitaitoinen tekninen tuki sek\u00e4 koulutukset \u2013 DINO-henkil\u00f6kunta on aina valmiina auttamaan!","og_url":"https:\/\/www.dinolift.com\/sv\/sales-support\/","og_site_name":"Dinolift","article_modified_time":"2019-11-27T06:54:34+00:00","og_image":[{"width":1400,"height":788,"url":"https:\/\/www.dinolift.com\/assets\/files\/2020\/03\/Dinolift_Lightweight_mewp_Bauma_2019.jpg","type":"image\/jpeg"}],"twitter_card":"summary_large_image","twitter_misc":{"Ber\u00e4knad l\u00e4stid":"1 minut"},"schema":{"@context":"https:\/\/schema.org","@graph":[{"@type":"WebPage","@id":"https:\/\/www.dinolift.com\/sv\/sales-support\/","url":"https:\/\/www.dinolift.com\/sv\/sales-support\/","name":"Myynti ja tukipalvelut | Dinolift","isPartOf":{"@id":"https:\/\/dinolift.wp2.tri.haus\/#website"},"datePublished":"2017-04-27T08:58:16+00:00","dateModified":"2019-11-27T06:54:34+00:00","description":"Laaja j\u00e4lleenmyyj\u00e4verkosto, nopeat varaosatoimitukset, ammattitaitoinen tekninen tuki sek\u00e4 koulutukset \u2013 DINO-henkil\u00f6kunta on aina valmiina auttamaan!","breadcrumb":{"@id":"https:\/\/www.dinolift.com\/sv\/sales-support\/#breadcrumb"},"inLanguage":"sv-SE","potentialAction":[{"@type":"ReadAction","target":["https:\/\/www.dinolift.com\/sv\/sales-support\/"]}]},{"@type":"BreadcrumbList","@id":"https:\/\/www.dinolift.com\/sv\/sales-support\/#breadcrumb","itemListElement":[{"@type":"ListItem","position":1,"name":"Home","item":"https:\/\/www.dinolift.com\/sv\/"},{"@type":"ListItem","position":2,"name":"F\u00f6rs\u00e4ljning och support"}]},{"@type":"WebSite","@id":"https:\/\/dinolift.wp2.tri.haus\/#website","url":"https:\/\/dinolift.wp2.tri.haus\/","name":"Dinolift","description":"Ihan uusi WordPress-sivusto","potentialAction":[{"@type":"SearchAction","target":{"@type":"EntryPoint","urlTemplate":"https:\/\/dinolift.wp2.tri.haus\/?s={search_term_string}"},"query-input":"required name=search_term_string"}],"inLanguage":"sv-SE"}]}},"_links":{"self":[{"href":"https:\/\/dinolift.wp2.tri.haus\/sv\/wp-json\/wp\/v2\/pages\/6240\/"}],"collection":[{"href":"https:\/\/dinolift.wp2.tri.haus\/sv\/wp-json\/wp\/v2\/pages\/"}],"about":[{"href":"https:\/\/dinolift.wp2.tri.haus\/sv\/wp-json\/wp\/v2\/types\/page\/"}],"author":[{"embeddable":true,"href":"https:\/\/dinolift.wp2.tri.haus\/sv\/wp-json\/wp\/v2\/users\/1\/"}],"replies":[{"embeddable":true,"href":"https:\/\/dinolift.wp2.tri.haus\/sv\/wp-json\/wp\/v2\/comments\/?post=6240"}],"version-history":[{"count":5,"href":"https:\/\/dinolift.wp2.tri.haus\/sv\/wp-json\/wp\/v2\/pages\/6240\/revisions\/"}],"predecessor-version":[{"id":11854,"href":"https:\/\/dinolift.wp2.tri.haus\/sv\/wp-json\/wp\/v2\/pages\/6240\/revisions\/11854\/"}],"wp:featuredmedia":[{"embeddable":true,"href":"https:\/\/dinolift.wp2.tri.haus\/sv\/wp-json\/wp\/v2\/media\/12444\/"}],"wp:attachment":[{"href":"https:\/\/dinolift.wp2.tri.haus\/sv\/wp-json\/wp\/v2\/media\/?parent=6240"}],"curies":[{"name":"wp","href":"https:\/\/api.w.org\/{rel}","templated":true}]}}