{"id":6689,"date":"2017-08-14T10:22:00","date_gmt":"2017-08-14T07:22:00","guid":{"rendered":"https:\/\/dinolift.wp2.tri.haus\/?page_id=6689\/"},"modified":"2019-10-10T13:03:17","modified_gmt":"2019-10-10T10:03:17","slug":"kontakt","status":"publish","type":"page","link":"https:\/\/dinolift.wp2.tri.haus\/sv\/kontakt\/","title":{"rendered":"Kontakt"},"content":{"rendered":"<h1>V\u00e4lkommen till Dinolift<\/h1>\n<p>Dinolift Familjen \u2013 m\u00e4n och kvinnor som du kan lita p\u00e5 att f\u00e5r jobbet gjort. Om du vill vara DINO distribut\u00f6r p\u00e5 din marknad, v\u00e4nligen kontakta oss p\u00e5 <span style=\"color: #0000ff;\">sales(at)dinolift.com<\/span>.<\/p>\n<h2>Dinolift Oy<\/h2>\n<p>Raikkolantie 145<br \/>\nFI-32210 LOIMAA, FINLAND<br \/>\nTel. +358 (0)20 1772 400<br \/>\n<span style=\"color: #0000ff;\">info(at)dinolift.com<\/span><span style=\"text-decoration: underline; color: #0000ff;\"><a style=\"color: #0000ff; text-decoration: underline;\" href=\"mailto:info@dinolift.com\"><br \/>\n<\/a><\/span><\/p>\n<h5>DINO F\u00f6rs\u00e4ljning:<\/h5>\n<p><span style=\"color: #0000ff;\">sales(at)<\/span><span style=\"color: #0000ff;\">dinolift.com<\/span><\/p>\n<h5>DINO Reservdelar:<\/h5>\n<p><span style=\"color: #0000ff;\">spareparts(at)dinolift.com<\/span><\/p>\n<h5>DINO Teknisk support &amp; Skolning:<\/h5>\n<p><span style=\"color: #0000ff;\">techsupport(at)dinolift.com<\/span><\/p>\n","protected":false},"excerpt":{"rendered":"<p>V\u00e4lkommen till Dinolift Dinolift Familjen \u2013 m\u00e4n och kvinnor som du kan lita p\u00e5 att f\u00e5r jobbet gjort. Om du vill vara DINO distribut\u00f6r p\u00e5 din marknad, v\u00e4nligen kontakta oss p\u00e5 sales(at)dinolift.com. Dinolift Oy Raikkolantie 145 FI-32210 LOIMAA, FINLAND Tel. +358 (0)20 1772 400 info(at)dinolift.com DINO F\u00f6rs\u00e4ljning: sales(at)dinolift.com DINO Reservdelar: spareparts(at)dinolift.com DINO Teknisk support &amp; [&hellip;]<\/p>\n","protected":false},"author":724,"featured_media":0,"parent":0,"menu_order":0,"comment_status":"closed","ping_status":"closed","template":"page-templates\/page-contact.php","meta":[],"acf":{"hero_content":"","dealer_usa":"Nord- och Sydamerika","dealer_europe":"Europa","dealer_asia":"Asien & Mellan\u00f6stern","dealer_africa":"Afrika","dealer_oceania":"Australien & Oceanien","contactform":"<h1>V\u00e4lkommen till Dinolift<\/h1>\n<p>Dinolift Familjen \u2013 m\u00e4n och kvinnor som du kan lita p\u00e5 att f\u00e5r jobbet gjort. Om du vill vara DINO distribut\u00f6r p\u00e5 din marknad, v\u00e4nligen kontakta oss p\u00e5 sales(at)dinolift.com.<\/p>\n<p><!--[if lte IE 8]>\n<script charset=\"utf-8\" type=\"text\/javascript\" src=\"\/\/js.hsforms.net\/forms\/v2-legacy.js\"><\/script>\n<![endif]--><br \/>\n<script charset=\"utf-8\" type=\"text\/javascript\" src=\"\/\/js.hsforms.net\/forms\/v2.js\"><\/script><br \/>\n<script>\nhbspt.forms.create({\nportalId: \"5814764\",\nformId: \"f56381b7-2df0-4c0c-a310-77d154141de6\"\n});\n<\/script><\/p>\n"},"yoast_head":"<!-- This site is optimized with the Yoast SEO plugin v19.9 - https:\/\/yoast.com\/wordpress\/plugins\/seo\/ -->\n<title>Contact us or find your local DINO dealer | Dinolift<\/title>\n<meta name=\"description\" content=\"Welcome to Dinolift! Take a closer look at the DINO Family and find out your local DINO dealer. DINO staff around the world is always happy to help you!\" \/>\n<meta name=\"robots\" content=\"noindex, follow, max-snippet:-1, max-image-preview:large, max-video-preview:-1\" \/>\n<meta property=\"og:locale\" content=\"sv_SE\" \/>\n<meta property=\"og:type\" content=\"article\" \/>\n<meta property=\"og:title\" content=\"Contact us or find your local DINO dealer | Dinolift\" \/>\n<meta property=\"og:description\" content=\"Welcome to Dinolift! Take a closer look at the DINO Family and find out your local DINO dealer. DINO staff around the world is always happy to help you!\" \/>\n<meta property=\"og:url\" content=\"https:\/\/www.dinolift.com\/sv\/kontakt\/\" \/>\n<meta property=\"og:site_name\" content=\"Dinolift\" \/>\n<meta property=\"article:modified_time\" content=\"2019-10-10T10:03:17+00:00\" \/>\n<meta name=\"twitter:card\" content=\"summary_large_image\" \/>\n<script type=\"application\/ld+json\" class=\"yoast-schema-graph\">{\"@context\":\"https:\/\/schema.org\",\"@graph\":[{\"@type\":\"WebPage\",\"@id\":\"https:\/\/www.dinolift.com\/sv\/kontakt\/\",\"url\":\"https:\/\/www.dinolift.com\/sv\/kontakt\/\",\"name\":\"Contact us or find your local DINO dealer | Dinolift\",\"isPartOf\":{\"@id\":\"https:\/\/dinolift.wp2.tri.haus\/#website\"},\"datePublished\":\"2017-08-14T07:22:00+00:00\",\"dateModified\":\"2019-10-10T10:03:17+00:00\",\"description\":\"Welcome to Dinolift! Take a closer look at the DINO Family and find out your local DINO dealer. DINO staff around the world is always happy to help you!\",\"breadcrumb\":{\"@id\":\"https:\/\/www.dinolift.com\/sv\/kontakt\/#breadcrumb\"},\"inLanguage\":\"sv-SE\",\"potentialAction\":[{\"@type\":\"ReadAction\",\"target\":[\"https:\/\/www.dinolift.com\/sv\/kontakt\/\"]}]},{\"@type\":\"BreadcrumbList\",\"@id\":\"https:\/\/www.dinolift.com\/sv\/kontakt\/#breadcrumb\",\"itemListElement\":[{\"@type\":\"ListItem\",\"position\":1,\"name\":\"Home\",\"item\":\"https:\/\/www.dinolift.com\/sv\/\"},{\"@type\":\"ListItem\",\"position\":2,\"name\":\"Kontakt\"}]},{\"@type\":\"WebSite\",\"@id\":\"https:\/\/dinolift.wp2.tri.haus\/#website\",\"url\":\"https:\/\/dinolift.wp2.tri.haus\/\",\"name\":\"Dinolift\",\"description\":\"Ihan uusi WordPress-sivusto\",\"potentialAction\":[{\"@type\":\"SearchAction\",\"target\":{\"@type\":\"EntryPoint\",\"urlTemplate\":\"https:\/\/dinolift.wp2.tri.haus\/?s={search_term_string}\"},\"query-input\":\"required name=search_term_string\"}],\"inLanguage\":\"sv-SE\"}]}<\/script>\n<!-- \/ Yoast SEO plugin. -->","yoast_head_json":{"title":"Contact us or find your local DINO dealer | Dinolift","description":"Welcome to Dinolift! Take a closer look at the DINO Family and find out your local DINO dealer. DINO staff around the world is always happy to help you!","robots":{"index":"noindex","follow":"follow","max-snippet":"max-snippet:-1","max-image-preview":"max-image-preview:large","max-video-preview":"max-video-preview:-1"},"og_locale":"sv_SE","og_type":"article","og_title":"Contact us or find your local DINO dealer | Dinolift","og_description":"Welcome to Dinolift! Take a closer look at the DINO Family and find out your local DINO dealer. DINO staff around the world is always happy to help you!","og_url":"https:\/\/www.dinolift.com\/sv\/kontakt\/","og_site_name":"Dinolift","article_modified_time":"2019-10-10T10:03:17+00:00","twitter_card":"summary_large_image","schema":{"@context":"https:\/\/schema.org","@graph":[{"@type":"WebPage","@id":"https:\/\/www.dinolift.com\/sv\/kontakt\/","url":"https:\/\/www.dinolift.com\/sv\/kontakt\/","name":"Contact us or find your local DINO dealer | Dinolift","isPartOf":{"@id":"https:\/\/dinolift.wp2.tri.haus\/#website"},"datePublished":"2017-08-14T07:22:00+00:00","dateModified":"2019-10-10T10:03:17+00:00","description":"Welcome to Dinolift! Take a closer look at the DINO Family and find out your local DINO dealer. DINO staff around the world is always happy to help you!","breadcrumb":{"@id":"https:\/\/www.dinolift.com\/sv\/kontakt\/#breadcrumb"},"inLanguage":"sv-SE","potentialAction":[{"@type":"ReadAction","target":["https:\/\/www.dinolift.com\/sv\/kontakt\/"]}]},{"@type":"BreadcrumbList","@id":"https:\/\/www.dinolift.com\/sv\/kontakt\/#breadcrumb","itemListElement":[{"@type":"ListItem","position":1,"name":"Home","item":"https:\/\/www.dinolift.com\/sv\/"},{"@type":"ListItem","position":2,"name":"Kontakt"}]},{"@type":"WebSite","@id":"https:\/\/dinolift.wp2.tri.haus\/#website","url":"https:\/\/dinolift.wp2.tri.haus\/","name":"Dinolift","description":"Ihan uusi WordPress-sivusto","potentialAction":[{"@type":"SearchAction","target":{"@type":"EntryPoint","urlTemplate":"https:\/\/dinolift.wp2.tri.haus\/?s={search_term_string}"},"query-input":"required name=search_term_string"}],"inLanguage":"sv-SE"}]}},"_links":{"self":[{"href":"https:\/\/dinolift.wp2.tri.haus\/sv\/wp-json\/wp\/v2\/pages\/6689\/"}],"collection":[{"href":"https:\/\/dinolift.wp2.tri.haus\/sv\/wp-json\/wp\/v2\/pages\/"}],"about":[{"href":"https:\/\/dinolift.wp2.tri.haus\/sv\/wp-json\/wp\/v2\/types\/page\/"}],"author":[{"embeddable":true,"href":"https:\/\/dinolift.wp2.tri.haus\/sv\/wp-json\/wp\/v2\/users\/724\/"}],"replies":[{"embeddable":true,"href":"https:\/\/dinolift.wp2.tri.haus\/sv\/wp-json\/wp\/v2\/comments\/?post=6689"}],"version-history":[{"count":5,"href":"https:\/\/dinolift.wp2.tri.haus\/sv\/wp-json\/wp\/v2\/pages\/6689\/revisions\/"}],"predecessor-version":[{"id":11793,"href":"https:\/\/dinolift.wp2.tri.haus\/sv\/wp-json\/wp\/v2\/pages\/6689\/revisions\/11793\/"}],"wp:attachment":[{"href":"https:\/\/dinolift.wp2.tri.haus\/sv\/wp-json\/wp\/v2\/media\/?parent=6689"}],"curies":[{"name":"wp","href":"https:\/\/api.w.org\/{rel}","templated":true}]}}