{"id":6935,"date":"2017-08-16T14:36:01","date_gmt":"2017-08-16T11:36:01","guid":{"rendered":"https:\/\/dinolift.wp2.tri.haus\/?page_id=6935\/"},"modified":"2019-10-10T13:04:48","modified_gmt":"2019-10-10T10:04:48","slug":"agarregistrering","status":"publish","type":"page","link":"https:\/\/dinolift.wp2.tri.haus\/sv\/sales-support\/agarregistrering\/","title":{"rendered":"\u00c4garregistrering"},"content":{"rendered":"<h1>\u00c4garregistrering<\/h1>\n<p>Genom att registrera dig som \u00e4gare till en maskin f\u00e5r du viktig information om maskinens s\u00e4kerhet, underh\u00e5ll och anv\u00e4ndning, om s\u00e5dan information skickas ut.<\/p>\n<p>Registrera dig som ny \u00e4gare till en maskin genom att v\u00e4nligen fylla i registreringsblanketten.<\/p>\n<p><!--[if lte IE 8]>\n<script charset=\"utf-8\" type=\"text\/javascript\" src=\"\/\/js.hsforms.net\/forms\/v2-legacy.js\"><\/script>\n<![endif]--><br \/>\n<script charset=\"utf-8\" type=\"text\/javascript\" src=\"\/\/js.hsforms.net\/forms\/v2.js\"><\/script><br \/>\n<script>\nhbspt.forms.create({\nportalId: \"5814764\",\nformId: \"c3b053e6-e273-4082-80d1-dbfd60b5a468\"\n});\n<\/script><\/p>\n","protected":false},"excerpt":{"rendered":"<p>\u00c4garregistrering Genom att registrera dig som \u00e4gare till en maskin f\u00e5r du viktig information om maskinens s\u00e4kerhet, underh\u00e5ll och anv\u00e4ndning, om s\u00e5dan information skickas ut. Registrera dig som ny \u00e4gare till en maskin genom att v\u00e4nligen fylla i registreringsblanketten.<\/p>\n","protected":false},"author":1,"featured_media":0,"parent":6240,"menu_order":0,"comment_status":"closed","ping_status":"closed","template":"","meta":[],"acf":{"page_links":false,"hero_content":""},"yoast_head":"<!-- This site is optimized with the Yoast SEO plugin v19.9 - https:\/\/yoast.com\/wordpress\/plugins\/seo\/ -->\n<title>\u00c4garregistrering - Dinolift<\/title>\n<meta name=\"robots\" content=\"noindex, follow, max-snippet:-1, max-image-preview:large, max-video-preview:-1\" \/>\n<meta property=\"og:locale\" content=\"sv_SE\" \/>\n<meta property=\"og:type\" content=\"article\" \/>\n<meta property=\"og:title\" content=\"\u00c4garregistrering - Dinolift\" \/>\n<meta property=\"og:description\" content=\"\u00c4garregistrering Genom att registrera dig som \u00e4gare till en maskin f\u00e5r du viktig information om maskinens s\u00e4kerhet, underh\u00e5ll och anv\u00e4ndning, om s\u00e5dan information skickas ut. Registrera dig som ny \u00e4gare till en maskin genom att v\u00e4nligen fylla i registreringsblanketten.\" \/>\n<meta property=\"og:url\" content=\"https:\/\/www.dinolift.com\/sv\/sales-support\/agarregistrering\/\" \/>\n<meta property=\"og:site_name\" content=\"Dinolift\" \/>\n<meta property=\"article:modified_time\" content=\"2019-10-10T10:04:48+00:00\" \/>\n<meta name=\"twitter:card\" content=\"summary_large_image\" \/>\n<script type=\"application\/ld+json\" class=\"yoast-schema-graph\">{\"@context\":\"https:\/\/schema.org\",\"@graph\":[{\"@type\":\"WebPage\",\"@id\":\"https:\/\/www.dinolift.com\/sv\/sales-support\/agarregistrering\/\",\"url\":\"https:\/\/www.dinolift.com\/sv\/sales-support\/agarregistrering\/\",\"name\":\"\u00c4garregistrering - Dinolift\",\"isPartOf\":{\"@id\":\"https:\/\/dinolift.wp2.tri.haus\/#website\"},\"datePublished\":\"2017-08-16T11:36:01+00:00\",\"dateModified\":\"2019-10-10T10:04:48+00:00\",\"breadcrumb\":{\"@id\":\"https:\/\/www.dinolift.com\/sv\/sales-support\/agarregistrering\/#breadcrumb\"},\"inLanguage\":\"sv-SE\",\"potentialAction\":[{\"@type\":\"ReadAction\",\"target\":[\"https:\/\/www.dinolift.com\/sv\/sales-support\/agarregistrering\/\"]}]},{\"@type\":\"BreadcrumbList\",\"@id\":\"https:\/\/www.dinolift.com\/sv\/sales-support\/agarregistrering\/#breadcrumb\",\"itemListElement\":[{\"@type\":\"ListItem\",\"position\":1,\"name\":\"Home\",\"item\":\"https:\/\/www.dinolift.com\/sv\/\"},{\"@type\":\"ListItem\",\"position\":2,\"name\":\"F\u00f6rs\u00e4ljning och support\",\"item\":\"https:\/\/www.dinolift.com\/sv\/sales-support\/\"},{\"@type\":\"ListItem\",\"position\":3,\"name\":\"\u00c4garregistrering\"}]},{\"@type\":\"WebSite\",\"@id\":\"https:\/\/dinolift.wp2.tri.haus\/#website\",\"url\":\"https:\/\/dinolift.wp2.tri.haus\/\",\"name\":\"Dinolift\",\"description\":\"Ihan uusi WordPress-sivusto\",\"potentialAction\":[{\"@type\":\"SearchAction\",\"target\":{\"@type\":\"EntryPoint\",\"urlTemplate\":\"https:\/\/dinolift.wp2.tri.haus\/?s={search_term_string}\"},\"query-input\":\"required name=search_term_string\"}],\"inLanguage\":\"sv-SE\"}]}<\/script>\n<!-- \/ Yoast SEO plugin. -->","yoast_head_json":{"title":"\u00c4garregistrering - Dinolift","robots":{"index":"noindex","follow":"follow","max-snippet":"max-snippet:-1","max-image-preview":"max-image-preview:large","max-video-preview":"max-video-preview:-1"},"og_locale":"sv_SE","og_type":"article","og_title":"\u00c4garregistrering - Dinolift","og_description":"\u00c4garregistrering Genom att registrera dig som \u00e4gare till en maskin f\u00e5r du viktig information om maskinens s\u00e4kerhet, underh\u00e5ll och anv\u00e4ndning, om s\u00e5dan information skickas ut. Registrera dig som ny \u00e4gare till en maskin genom att v\u00e4nligen fylla i registreringsblanketten.","og_url":"https:\/\/www.dinolift.com\/sv\/sales-support\/agarregistrering\/","og_site_name":"Dinolift","article_modified_time":"2019-10-10T10:04:48+00:00","twitter_card":"summary_large_image","schema":{"@context":"https:\/\/schema.org","@graph":[{"@type":"WebPage","@id":"https:\/\/www.dinolift.com\/sv\/sales-support\/agarregistrering\/","url":"https:\/\/www.dinolift.com\/sv\/sales-support\/agarregistrering\/","name":"\u00c4garregistrering - Dinolift","isPartOf":{"@id":"https:\/\/dinolift.wp2.tri.haus\/#website"},"datePublished":"2017-08-16T11:36:01+00:00","dateModified":"2019-10-10T10:04:48+00:00","breadcrumb":{"@id":"https:\/\/www.dinolift.com\/sv\/sales-support\/agarregistrering\/#breadcrumb"},"inLanguage":"sv-SE","potentialAction":[{"@type":"ReadAction","target":["https:\/\/www.dinolift.com\/sv\/sales-support\/agarregistrering\/"]}]},{"@type":"BreadcrumbList","@id":"https:\/\/www.dinolift.com\/sv\/sales-support\/agarregistrering\/#breadcrumb","itemListElement":[{"@type":"ListItem","position":1,"name":"Home","item":"https:\/\/www.dinolift.com\/sv\/"},{"@type":"ListItem","position":2,"name":"F\u00f6rs\u00e4ljning och support","item":"https:\/\/www.dinolift.com\/sv\/sales-support\/"},{"@type":"ListItem","position":3,"name":"\u00c4garregistrering"}]},{"@type":"WebSite","@id":"https:\/\/dinolift.wp2.tri.haus\/#website","url":"https:\/\/dinolift.wp2.tri.haus\/","name":"Dinolift","description":"Ihan uusi WordPress-sivusto","potentialAction":[{"@type":"SearchAction","target":{"@type":"EntryPoint","urlTemplate":"https:\/\/dinolift.wp2.tri.haus\/?s={search_term_string}"},"query-input":"required name=search_term_string"}],"inLanguage":"sv-SE"}]}},"_links":{"self":[{"href":"https:\/\/dinolift.wp2.tri.haus\/sv\/wp-json\/wp\/v2\/pages\/6935\/"}],"collection":[{"href":"https:\/\/dinolift.wp2.tri.haus\/sv\/wp-json\/wp\/v2\/pages\/"}],"about":[{"href":"https:\/\/dinolift.wp2.tri.haus\/sv\/wp-json\/wp\/v2\/types\/page\/"}],"author":[{"embeddable":true,"href":"https:\/\/dinolift.wp2.tri.haus\/sv\/wp-json\/wp\/v2\/users\/1\/"}],"replies":[{"embeddable":true,"href":"https:\/\/dinolift.wp2.tri.haus\/sv\/wp-json\/wp\/v2\/comments\/?post=6935"}],"version-history":[{"count":3,"href":"https:\/\/dinolift.wp2.tri.haus\/sv\/wp-json\/wp\/v2\/pages\/6935\/revisions\/"}],"predecessor-version":[{"id":11796,"href":"https:\/\/dinolift.wp2.tri.haus\/sv\/wp-json\/wp\/v2\/pages\/6935\/revisions\/11796\/"}],"up":[{"embeddable":true,"href":"https:\/\/dinolift.wp2.tri.haus\/sv\/wp-json\/wp\/v2\/pages\/6240\/"}],"wp:attachment":[{"href":"https:\/\/dinolift.wp2.tri.haus\/sv\/wp-json\/wp\/v2\/media\/?parent=6935"}],"curies":[{"name":"wp","href":"https:\/\/api.w.org\/{rel}","templated":true}]}}